{"id":3,"date":"2018-12-17T12:35:28","date_gmt":"2018-12-17T14:35:28","guid":{"rendered":"https:\/\/clube.playgroundgrid.com\/?page_id=3"},"modified":"2024-02-25T10:08:51","modified_gmt":"2024-02-25T13:08:51","slug":"politica-de-privacidade","status":"publish","type":"page","link":"https:\/\/clube.playgroundgrid.com\/es\/politica-de-privacidade\/","title":{"rendered":"pol\u00edtica de privacidad"},"content":{"rendered":"<p><span style=\"font-weight: 400;\">EN ANUNCIOS DIGITAL, CNPJ <\/span>20.599.776\/0001-87<span style=\"font-weight: 400;\"> , con domicilio en Travessa do Amorim, n\u00ba 66, CxPs 145, Bairro do Recife Recife \u2013 PE, CEP: 50.030-070 se ocupa de los registros electr\u00f3nicos y datos personales dejados por usted (\u201cTitular\u201d) al utilizar nuestro sitio web (www .clubedevagas .com) y los servicios disponibles all\u00ed (\u201cServicios\u201d) o que de otro modo nos hayan proporcionado datos personales que puedan identificarlo.<\/span><\/p>\n\n\n\n<p><span style=\"font-weight: 400;\">Esta Pol\u00edtica de Privacidad (\u201cPol\u00edtica\u201d) regula, de manera sencilla, transparente y objetiva, qu\u00e9 datos personales pueden ser recabados, as\u00ed como cu\u00e1ndo y de qu\u00e9 manera pueden ser utilizados.<\/span><\/p>\n\n\n\n<p><span style=\"font-weight: 400;\">Esta Pol\u00edtica est\u00e1 dirigida a los clientes de IN ADS y al p\u00fablico en general, al acceder y utilizar nuestro Sitio Web y los servicios disponibles en el mismo, e incluye las formas en que procesamos sus datos personales. Si usted es empleado, colaborador o proveedor, cliente de un producto licenciado o si est\u00e1 participando en alg\u00fan proyecto o actividad espec\u00edfica con IN ADS, deber\u00e1 solicitar el respectivo aviso de privacidad emitido por IN ADS, o el responsable de su contrataci\u00f3n en la empresa, para facilitarle los t\u00e9rminos aplicables e informarle de sus derechos sobre sus datos.<\/span><\/p>\n\n\n\n<h2 class=\"wp-block-heading\"><b>Configuraciones importantes<\/b><\/h2>\n\n\n\n<p><span style=\"font-weight: 400;\">En esta Pol\u00edtica de Privacidad adoptamos los siguientes significados para los t\u00e9rminos:<\/span><\/p>\n\n\n\n<p><b>Datos personales: <\/b><span style=\"font-weight: 400;\">Cualquier informaci\u00f3n relativa a una persona f\u00edsica, directa o indirectamente, identificada o identificable.<\/span><\/p>\n\n\n\n<p><b>Datos personales sensibles:<\/b><span style=\"font-weight: 400;\"> Categor\u00eda especial de datos personales relacionados con origen racial o \u00e9tnico, convicciones religiosas, opiniones pol\u00edticas, afiliaci\u00f3n a un sindicato u organizaci\u00f3n de car\u00e1cter religioso, filos\u00f3fico o pol\u00edtico, relacionados con la salud o la vida sexual, datos gen\u00e9ticos o biom\u00e9tricos relacionados con la persona f\u00edsica. .<\/span><\/p>\n\n\n\n<p><b>Titular: <\/b><span style=\"font-weight: 400;\">Persona f\u00edsica a quien se refieren los datos personales. A los efectos de esta Pol\u00edtica de Privacidad, usted es el Propietario.<\/span><\/p>\n\n\n\n<p><b>Tratamiento:<\/b><span style=\"font-weight: 400;\"> Cualquier operaci\u00f3n realizada con datos personales, tales como: recolecci\u00f3n, producci\u00f3n, recepci\u00f3n, clasificaci\u00f3n, uso, acceso, reproducci\u00f3n, transmisi\u00f3n, distribuci\u00f3n, procesamiento, archivo, almacenamiento, eliminaci\u00f3n, evaluaci\u00f3n o control de informaci\u00f3n, modificaci\u00f3n, comunicaci\u00f3n, transferencia, difusi\u00f3n. o extracci\u00f3n.<\/span><\/p>\n\n\n\n<p><b>Anonimizaci\u00f3n:<\/b><span style=\"font-weight: 400;\"> Proceso mediante el cual los datos pierden la posibilidad de asociaci\u00f3n, directa o indirecta, con una persona f\u00edsica, considerando los medios t\u00e9cnicos razonables disponibles en el momento del procesamiento.<\/span><\/p>\n\n\n\n<h2 class=\"wp-block-heading\"><b>Recopilaci\u00f3n de datos<\/b><\/h2>\n\n\n\n<p><span style=\"font-weight: 400;\">Recopilamos informaci\u00f3n sobre usted cuando utiliza nuestros Servicios. Adem\u00e1s, terceros pueden recopilar informaci\u00f3n sobre usted cuando utiliza nuestros servicios. La informaci\u00f3n recopilada puede incluir o reflejar datos personales que puedan identificarlo, as\u00ed como datos anonimizados.<\/span><\/p>\n\n\n\n<p><b>Cuando recopilamos sus Datos personales:<\/b><\/p>\n\n\n\n<p><b>Al completar formularios sobre los Servicios.<\/b><span style=\"font-weight: 400;\">&nbsp; Cuando interact\u00faa con material creado por IN ADS, como un cuestionario, nos otorgar\u00e1 acceso a ciertos datos sobre usted. Puede enviarnos datos para fines limitados, responder a un cuestionario; participar en un estudio o investigaci\u00f3n; participar en concursos o sorteos; o reg\u00edstrese para recibir nuestras comunicaciones.<\/span><\/p>\n\n\n\n<p><b>Para tu contacto con nosotros<\/b><span style=\"font-weight: 400;\">. Cuando usted contacta a IN ADS a trav\u00e9s de su interacci\u00f3n con los canales de atenci\u00f3n, es posible que nos est\u00e9 proporcionando sus datos personales. Por ejemplo, al enviarnos una carta convencional, proporcionar\u00e1s los datos del remitente, adem\u00e1s del contenido de la propia carta. En mensajes electr\u00f3nicos como correo electr\u00f3nico, tambi\u00e9n nos estar\u00e1s enviando el <\/span><i><span style=\"font-weight: 400;\">metadatos<\/span><\/i><span style=\"font-weight: 400;\"> t\u00edpico de esta forma de comunicaci\u00f3n.<\/span><\/p>\n\n\n\n<p><b>Datos que no queremos recopilar sobre los Servicios:<\/b><\/p>\n\n\n\n<p><b>Datos de menores. <\/b><span style=\"font-weight: 400;\">No recopilamos intencionadamente datos personales de personas menores de edad o incapacitadas. Si usted es padre o tutor legal y cree que su hijo o persona bajo su responsabilidad legal ha proporcionado datos personales a IN ADS sin su consentimiento, puede consultarnos sobre la existencia y solicitar la eliminaci\u00f3n de esta informaci\u00f3n contact\u00e1ndonos en e- correo: <\/span><b>contacto+cv@incred.digital<\/b><span style=\"font-weight: 400;\">.<\/span><\/p>\n\n\n\n<p><b>Datos personales sensibles.<\/b><span style=\"font-weight: 400;\"> No recopilamos intencionalmente datos personales confidenciales a trav\u00e9s de nuestros Servicios. En principio, la informaci\u00f3n solicitada en nuestros formularios o requerida para que podamos establecer cualquier tipo de contacto mediado por los Servicios no requiere necesariamente datos personales sobre origen racial o \u00e9tnico, convicciones religiosas, opiniones pol\u00edticas, afiliaci\u00f3n a un sindicato u organizaci\u00f3n religiosa. , filos\u00f3ficos o pol\u00edticos, relativos a la salud o la vida sexual, datos gen\u00e9ticos o biom\u00e9tricos relativos a la persona f\u00edsica. Sin embargo, en situaciones en las que nos env\u00eda voluntariamente datos personales confidenciales, por ejemplo, al completar un formulario o enviarnos un mensaje a trav\u00e9s de los canales de servicio, acepta que podemos procesar sus datos personales confidenciales.<\/span><\/p>\n\n\n\n<p><b>Datos recopilados autom\u00e1ticamente<\/b><\/p>\n\n\n\n<p><b>Datos de navegaci\u00f3n.<\/b><span style=\"font-weight: 400;\"> Recopilamos autom\u00e1ticamente ciertos tipos de datos cuando utiliza nuestros servicios, independientemente de si tiene una cuenta. Estos datos incluyen su direcci\u00f3n IP, informaci\u00f3n t\u00e9cnica sobre su dispositivo (tipo de navegador, sistema operativo, informaci\u00f3n b\u00e1sica del dispositivo, fecha y hora de su solicitud, geolocalizaci\u00f3n), la p\u00e1gina web que visit\u00f3 o la consulta de b\u00fasqueda que ingres\u00f3 antes de acudir a nosotros y su actividades. Podemos rastrear sus actividades utilizando cookies y tecnolog\u00edas similares.<\/span><\/p>\n\n\n\n<h2 class=\"wp-block-heading\"><b>Uso de datos<\/b><\/h2>\n\n\n\n<p><span style=\"font-weight: 400;\">Usted acepta que IN ADS pueda utilizar los datos personales proporcionados por usted para (art. 7, inc. I, LGPD):<\/span><\/p>\n\n\n\n<p><b>Comunicaci\u00f3n con usted: <\/b><span style=\"font-weight: 400;\">Utilizamos sus datos cuando nos comunicamos con usted, por ejemplo cuando le enviamos correos electr\u00f3nicos. Tambi\u00e9n utilizamos los datos personales que nos proporcionas para ofrecer productos y servicios de IN ADS.<\/span><\/p>\n\n\n\n<p><b>Operando nuestros servicios:<\/b><span style=\"font-weight: 400;\"> Utilizamos sus datos para proporcionar nuestros servicios y cumplir con nuestras obligaciones contractuales con usted.<\/span><\/p>\n\n\n\n<p><b>Mejorando nuestros servicios:<\/b><span style=\"font-weight: 400;\"> Utilizamos sus datos para comprender c\u00f3mo se utilizan nuestros servicios y c\u00f3mo podemos mejorarlos. En general, analizamos datos agregados en lugar de datos espec\u00edficos de usuarios. Sin embargo, es posible que necesitemos analizar un caso concreto para resolver un problema concreto, por ejemplo, un error que s\u00f3lo afecta a determinadas situaciones.<\/span><\/p>\n\n\n\n<p><b>Personalizando tu experiencia:<\/b><span style=\"font-weight: 400;\"> Utilizamos sus datos para personalizar el servicio para usted.<\/span><\/p>\n\n\n\n<p><b>Mercadotecnia y publicidad: <\/b><span style=\"font-weight: 400;\">Utilizamos sus datos para mostrarle anuncios en sitios web de terceros. Tambi\u00e9n podemos utilizar sus datos para enviarle publicidad de terceros.<\/span><\/p>\n\n\n\n<p><span style=\"font-weight: 400;\">IN ADS tambi\u00e9n podr\u00e1 utilizar los datos personales facilitados por usted para (art. 7, inc. II, V, VI y IX, LGPD):<\/span><\/p>\n\n\n\n<p><b>Ejercicio regular de derechos:<\/b><span style=\"font-weight: 400;\"> cuando sea razonablemente necesario, utilizamos sus datos para ejercer nuestros derechos legales y evitar el abuso de nuestro servicio.<\/span><\/p>\n\n\n\n<p><b>Cumplimiento legal: <\/b><span style=\"font-weight: 400;\">Utilizamos sus datos cuando estemos legalmente obligados a hacerlo. Por ejemplo, es posible que necesitemos recopilar sus datos para responder a una citaci\u00f3n u orden judicial.<\/span><\/p>\n\n\n\n<p><b>Protegiendo su informaci\u00f3n:<\/b><span style=\"font-weight: 400;\"> cuando corresponda, podemos anonimizar, realizar copias de seguridad y eliminar ciertos datos.<\/span><\/p>\n\n\n\n<h2 class=\"wp-block-heading\"><b>intercambio de datos<\/b><\/h2>\n\n\n\n<p><span style=\"font-weight: 400;\">Usted acepta que IN ADS pueda compartir y procesar los datos personales proporcionados por usted, en cualquier pa\u00eds o territorio, para las siguientes finalidades (art. 7, inc. I, LGPD):<\/span><\/p>\n\n\n\n<p><b>Proveedores autorizados:<\/b><span style=\"font-weight: 400;\"> Podemos compartir sus datos con proveedores externos que nos ayudan a operar nuestros servicios, procesar pedidos y cumplir con sus instrucciones y obligaciones contractuales. Esto puede incluir procesadores de pagos, redes de entrega de contenido (CDN), servicios de alojamiento basados en la nube, servicios de monitoreo, proveedores de servicios de correo electr\u00f3nico, proveedores de pruebas y control de calidad, proveedores de prevenci\u00f3n de fraude y abuso, proveedores de gesti\u00f3n de relaciones con el cliente (CRM) y proveedores de env\u00edo.<\/span><\/p>\n\n\n\n<p><b>Publicidad:<\/b><span style=\"font-weight: 400;\"> Podemos compartir sus datos con empresas de publicidad para mostrarle anuncios relevantes.<\/span><\/p>\n\n\n\n<p><b>An\u00e1lisis:<\/b><span style=\"font-weight: 400;\"> Podemos compartir sus datos con proveedores de an\u00e1lisis que nos ayudan a comprender c\u00f3mo los clientes utilizan nuestros servicios.<\/span><\/p>\n\n\n\n<p><span style=\"font-weight: 400;\">Hacemos esfuerzos razonables para examinar a los proveedores por sus pr\u00e1cticas de privacidad y seguridad de datos. Exigimos que estos proveedores acepten proteger los datos que compartimos.<\/span><\/p>\n\n\n\n<p><span style=\"font-weight: 400;\">IN ADS tambi\u00e9n podr\u00e1 compartir y tratar los datos personales proporcionados por usted, en cualesquiera pa\u00edses o territorios, para las siguientes finalidades (art. 7, inc. VI, LGPD):<\/span><\/p>\n\n\n\n<p><b>Ciertas situaciones legales:<\/b><span style=\"font-weight: 400;\"> Podemos compartir sus datos cuando creamos que la divulgaci\u00f3n es necesaria para cumplir con una obligaci\u00f3n legal o en relaci\u00f3n con una transacci\u00f3n corporativa.<\/span><\/p>\n\n\n\n<p><span style=\"font-weight: 400;\">La informaci\u00f3n agregada o an\u00f3nima no se considerar\u00e1 datos personales; podemos divulgar p\u00fablicamente informaci\u00f3n no personal agregada o an\u00f3nima, como nuestro n\u00famero de visitantes y usuarios registrados.<\/span><\/p>\n\n\n\n<h2 class=\"wp-block-heading\"><b>Tus derechos<\/b><\/h2>\n\n\n\n<p><span style=\"font-weight: 400;\">Tienes derecho a solicitar en cualquier momento, en relaci\u00f3n con tus datos personales (art.18 de la LGPD):<\/span><\/p>\n\n\n\n<ul class=\"wp-block-list\">\n<li><span style=\"font-weight: 400;\">confirmaci\u00f3n de la existencia del tratamiento;<\/span><\/li>\n\n\n\n<li><span style=\"font-weight: 400;\">acceso a datos;<\/span><\/li>\n\n\n\n<li><span style=\"font-weight: 400;\">correcci\u00f3n de datos incompletos, inexactos o desactualizados;<\/span><\/li>\n\n\n\n<li><span style=\"font-weight: 400;\">anonimizaci\u00f3n, bloqueo o eliminaci\u00f3n de datos innecesarios o excesivos;<\/span><\/li>\n\n\n\n<li><span style=\"font-weight: 400;\">portabilidad de datos a otro proveedor de servicios o productos, previa solicitud expresa, de conformidad con las normas de la autoridad nacional, observando secretos comerciales e industriales;<\/span><\/li>\n\n\n\n<li><span style=\"font-weight: 400;\">eliminaci\u00f3n de datos personales tratados con su consentimiento, excepto en los casos previstos<\/span><\/li>\n<\/ul>\n\n\n\n<p><span style=\"font-weight: 400;\">Adem\u00e1s de las hip\u00f3tesis legalmente previstas, podremos conservar registros de informaci\u00f3n recopilada autom\u00e1ticamente (con fines de an\u00e1lisis interno y seguridad).<\/span><\/p>\n\n\n\n<h2 class=\"wp-block-heading\"><b>Protegiendo su informaci\u00f3n<\/b><\/h2>\n\n\n\n<p><span style=\"font-weight: 400;\">IN ADS emplea medidas administrativas, l\u00f3gicas, de gesti\u00f3n y f\u00edsicas razonables para proteger sus datos personales contra p\u00e9rdida, robo y acceso, uso y alteraci\u00f3n no autorizados. Estas medidas est\u00e1n dise\u00f1adas para proporcionar un nivel de seguridad adecuado a los riesgos del procesamiento de sus datos personales.<\/span><\/p>\n\n\n\n<p><span style=\"font-weight: 400;\">A pesar de estos esfuerzos, ning\u00fan sistema de informaci\u00f3n puede ser 100% seguro, por lo que no podemos garantizar la seguridad absoluta de su informaci\u00f3n. Los usuarios tambi\u00e9n tienen un papel que desempe\u00f1ar para mantener sus datos seguros evitando comportamientos imprudentes e imprudentes.<\/span><\/p>\n\n\n\n<h2 class=\"wp-block-heading\"><b>Servicios de terceros<\/b><\/h2>\n\n\n\n<p><span style=\"font-weight: 400;\">Podemos proporcionar enlaces a servicios en l\u00ednea que no son de nuestra propiedad ni operamos. Estos servicios est\u00e1n fuera de esta Pol\u00edtica de Privacidad y no tenemos control sobre los datos que recopilan. Por ejemplo, si hace clic en un enlace en una de nuestras redes sociales, es posible que lo lleven al entorno del proveedor de servicios de esa red social. Una vez que est\u00e9 en un sitio web de un tercero, sus datos pueden ser recopilados por el tercero. Le recomendamos que lea las pol\u00edticas de privacidad de dichos servicios antes de utilizarlos.<\/span><\/p>\n\n\n\n<h2 class=\"wp-block-heading\"><b>Cont\u00e1ctenos<\/b><\/h2>\n\n\n\n<p><span style=\"font-weight: 400;\">Para aclarar una duda, realizar una solicitud o ejercer cualquiera de sus derechos respecto de sus datos personales, debe contactarnos en:<\/span><\/p>\n\n\n\n<p><b>EN ADS DIGITAL, Travessa do Amorim, n\u00ba 66, CxPs 145, Bairro do Recife Recife \u2013 PE, CEP: 50.030-070<\/b><\/p>\n\n\n\n<p><b>\u00a0\u00a0\u00a0\u00a0\u00a0<\/b> &#8211; <b>\u00a0contacto+cv@incred.digital<\/b><\/p>\n\n\n\n<h2 class=\"wp-block-heading\"><b>Cambios en la pol\u00edtica de privacidad<\/b><\/h2>\n\n\n\n<p><span style=\"font-weight: 400;\">IN ADS se reserva el derecho de modificar su pol\u00edtica de privacidad en cualquier momento y se lo notificar\u00e1 incluyendo un ap\u00e9ndice a la pol\u00edtica de privacidad en nuestro Sitio. Estos cambios entrar\u00e1n en vigor el d\u00eda de su publicaci\u00f3n.<\/span><\/p>\n\n\n\n<p>&nbsp;<\/p>","protected":false},"excerpt":{"rendered":"<p>A IN ADS DIGITAL, CNPJ 20.599.776\/0001-87 , localizada na Travessa do Amorim, n\u00ba 66, CxPs 145, Bairro do Recife Recife &#8211; PE, CEP: 50.030-070&nbsp; se preocupa com os registros eletr\u00f4nicos e os dados pessoais deixados por voc\u00ea (\u201cTitular\u201d) na utiliza\u00e7\u00e3o do nosso website (www.clubedevagas.com) e servi\u00e7os nele dispon\u00edveis (\u201cServi\u00e7os\u201d) ou que de outra forma tenha [&hellip;]<\/p>","protected":false},"author":1,"featured_media":0,"parent":0,"menu_order":0,"comment_status":"closed","ping_status":"open","template":"","meta":{"_acf_changed":false,"footnotes":""},"class_list":["post-3","page","type-page","status-publish","hentry"],"acf":[],"yoast_head":"<!-- This site is optimized with the Yoast SEO plugin v23.7 - https:\/\/yoast.com\/wordpress\/plugins\/seo\/ -->\n<title>Pol\u00edtica de privacidade - Clube de Vagas<\/title>\n<meta name=\"robots\" content=\"index, follow, max-snippet:-1, max-image-preview:large, max-video-preview:-1\" \/>\n<link rel=\"canonical\" href=\"https:\/\/clube.playgroundgrid.com\/es\/politica-de-privacidade\/\" \/>\n<meta property=\"og:locale\" content=\"es_ES\" \/>\n<meta property=\"og:type\" content=\"article\" \/>\n<meta property=\"og:title\" content=\"Pol\u00edtica de privacidade - Clube de Vagas\" \/>\n<meta property=\"og:description\" content=\"A IN ADS DIGITAL, CNPJ 20.599.776\/0001-87 , localizada na Travessa do Amorim, n\u00ba 66, CxPs 145, Bairro do Recife Recife &#8211; PE, CEP: 50.030-070&nbsp; se preocupa com os registros eletr\u00f4nicos e os dados pessoais deixados por voc\u00ea (\u201cTitular\u201d) na utiliza\u00e7\u00e3o do nosso website (www.clubedevagas.com) e servi\u00e7os nele dispon\u00edveis (\u201cServi\u00e7os\u201d) ou que de outra forma tenha [&hellip;]\" \/>\n<meta property=\"og:url\" content=\"https:\/\/clube.playgroundgrid.com\/es\/politica-de-privacidade\/\" \/>\n<meta property=\"og:site_name\" content=\"Clube de Vagas\" \/>\n<meta property=\"article:modified_time\" content=\"2024-02-25T13:08:51+00:00\" \/>\n<meta name=\"twitter:card\" content=\"summary_large_image\" \/>\n<script type=\"application\/ld+json\" class=\"yoast-schema-graph\">{\"@context\":\"https:\/\/schema.org\",\"@graph\":[{\"@type\":\"WebPage\",\"@id\":\"https:\/\/clube.playgroundgrid.com\/politica-de-privacidade\/\",\"url\":\"https:\/\/clube.playgroundgrid.com\/politica-de-privacidade\/\",\"name\":\"Pol\u00edtica de privacidade - Clube de Vagas\",\"isPartOf\":{\"@id\":\"https:\/\/clube.playgroundgrid.com\/#website\"},\"datePublished\":\"2018-12-17T14:35:28+00:00\",\"dateModified\":\"2024-02-25T13:08:51+00:00\",\"breadcrumb\":{\"@id\":\"https:\/\/clube.playgroundgrid.com\/politica-de-privacidade\/#breadcrumb\"},\"inLanguage\":\"es\",\"potentialAction\":[{\"@type\":\"ReadAction\",\"target\":[\"https:\/\/clube.playgroundgrid.com\/politica-de-privacidade\/\"]}]},{\"@type\":\"BreadcrumbList\",\"@id\":\"https:\/\/clube.playgroundgrid.com\/politica-de-privacidade\/#breadcrumb\",\"itemListElement\":[{\"@type\":\"ListItem\",\"position\":1,\"name\":\"Home\",\"item\":\"https:\/\/clube.playgroundgrid.com\/\"},{\"@type\":\"ListItem\",\"position\":2,\"name\":\"Pol\u00edtica de privacidade\"}]},{\"@type\":\"WebSite\",\"@id\":\"https:\/\/clube.playgroundgrid.com\/#website\",\"url\":\"https:\/\/clube.playgroundgrid.com\/\",\"name\":\"Clube de Vagas\",\"description\":\"O lugar certo para sua carreira\",\"publisher\":{\"@id\":\"https:\/\/clube.playgroundgrid.com\/#organization\"},\"potentialAction\":[{\"@type\":\"SearchAction\",\"target\":{\"@type\":\"EntryPoint\",\"urlTemplate\":\"https:\/\/clube.playgroundgrid.com\/?s={search_term_string}\"},\"query-input\":{\"@type\":\"PropertyValueSpecification\",\"valueRequired\":true,\"valueName\":\"search_term_string\"}}],\"inLanguage\":\"es\"},{\"@type\":\"Organization\",\"@id\":\"https:\/\/clube.playgroundgrid.com\/#organization\",\"name\":\"Clube de Vagas\",\"url\":\"https:\/\/clube.playgroundgrid.com\/\",\"logo\":{\"@type\":\"ImageObject\",\"inLanguage\":\"es\",\"@id\":\"https:\/\/clube.playgroundgrid.com\/#\/schema\/logo\/image\/\",\"url\":\"https:\/\/clube.playgroundgrid.com\/wp-content\/uploads\/2022\/03\/Design-sem-nome-39.png\",\"contentUrl\":\"https:\/\/clube.playgroundgrid.com\/wp-content\/uploads\/2022\/03\/Design-sem-nome-39.png\",\"width\":215,\"height\":60,\"caption\":\"Clube de Vagas\"},\"image\":{\"@id\":\"https:\/\/clube.playgroundgrid.com\/#\/schema\/logo\/image\/\"}}]}<\/script>\n<!-- \/ Yoast SEO plugin. -->","yoast_head_json":{"title":"Pol\u00edtica de privacidade - Clube de Vagas","robots":{"index":"index","follow":"follow","max-snippet":"max-snippet:-1","max-image-preview":"max-image-preview:large","max-video-preview":"max-video-preview:-1"},"canonical":"https:\/\/clube.playgroundgrid.com\/es\/politica-de-privacidade\/","og_locale":"es_ES","og_type":"article","og_title":"Pol\u00edtica de privacidade - Clube de Vagas","og_description":"A IN ADS DIGITAL, CNPJ 20.599.776\/0001-87 , localizada na Travessa do Amorim, n\u00ba 66, CxPs 145, Bairro do Recife Recife &#8211; PE, CEP: 50.030-070&nbsp; se preocupa com os registros eletr\u00f4nicos e os dados pessoais deixados por voc\u00ea (\u201cTitular\u201d) na utiliza\u00e7\u00e3o do nosso website (www.clubedevagas.com) e servi\u00e7os nele dispon\u00edveis (\u201cServi\u00e7os\u201d) ou que de outra forma tenha [&hellip;]","og_url":"https:\/\/clube.playgroundgrid.com\/es\/politica-de-privacidade\/","og_site_name":"Clube de Vagas","article_modified_time":"2024-02-25T13:08:51+00:00","twitter_card":"summary_large_image","schema":{"@context":"https:\/\/schema.org","@graph":[{"@type":"WebPage","@id":"https:\/\/clube.playgroundgrid.com\/politica-de-privacidade\/","url":"https:\/\/clube.playgroundgrid.com\/politica-de-privacidade\/","name":"Pol\u00edtica de privacidade - Clube de Vagas","isPartOf":{"@id":"https:\/\/clube.playgroundgrid.com\/#website"},"datePublished":"2018-12-17T14:35:28+00:00","dateModified":"2024-02-25T13:08:51+00:00","breadcrumb":{"@id":"https:\/\/clube.playgroundgrid.com\/politica-de-privacidade\/#breadcrumb"},"inLanguage":"es","potentialAction":[{"@type":"ReadAction","target":["https:\/\/clube.playgroundgrid.com\/politica-de-privacidade\/"]}]},{"@type":"BreadcrumbList","@id":"https:\/\/clube.playgroundgrid.com\/politica-de-privacidade\/#breadcrumb","itemListElement":[{"@type":"ListItem","position":1,"name":"Home","item":"https:\/\/clube.playgroundgrid.com\/"},{"@type":"ListItem","position":2,"name":"Pol\u00edtica de privacidade"}]},{"@type":"WebSite","@id":"https:\/\/clube.playgroundgrid.com\/#website","url":"https:\/\/clube.playgroundgrid.com\/","name":"Clube de Vagas","description":"O lugar certo para sua carreira","publisher":{"@id":"https:\/\/clube.playgroundgrid.com\/#organization"},"potentialAction":[{"@type":"SearchAction","target":{"@type":"EntryPoint","urlTemplate":"https:\/\/clube.playgroundgrid.com\/?s={search_term_string}"},"query-input":{"@type":"PropertyValueSpecification","valueRequired":true,"valueName":"search_term_string"}}],"inLanguage":"es"},{"@type":"Organization","@id":"https:\/\/clube.playgroundgrid.com\/#organization","name":"Clube de Vagas","url":"https:\/\/clube.playgroundgrid.com\/","logo":{"@type":"ImageObject","inLanguage":"es","@id":"https:\/\/clube.playgroundgrid.com\/#\/schema\/logo\/image\/","url":"https:\/\/clube.playgroundgrid.com\/wp-content\/uploads\/2022\/03\/Design-sem-nome-39.png","contentUrl":"https:\/\/clube.playgroundgrid.com\/wp-content\/uploads\/2022\/03\/Design-sem-nome-39.png","width":215,"height":60,"caption":"Clube de Vagas"},"image":{"@id":"https:\/\/clube.playgroundgrid.com\/#\/schema\/logo\/image\/"}}]}},"_links":{"self":[{"href":"https:\/\/clube.playgroundgrid.com\/es\/wp-json\/wp\/v2\/pages\/3","targetHints":{"allow":["GET"]}}],"collection":[{"href":"https:\/\/clube.playgroundgrid.com\/es\/wp-json\/wp\/v2\/pages"}],"about":[{"href":"https:\/\/clube.playgroundgrid.com\/es\/wp-json\/wp\/v2\/types\/page"}],"author":[{"embeddable":true,"href":"https:\/\/clube.playgroundgrid.com\/es\/wp-json\/wp\/v2\/users\/1"}],"replies":[{"embeddable":true,"href":"https:\/\/clube.playgroundgrid.com\/es\/wp-json\/wp\/v2\/comments?post=3"}],"version-history":[{"count":0,"href":"https:\/\/clube.playgroundgrid.com\/es\/wp-json\/wp\/v2\/pages\/3\/revisions"}],"wp:attachment":[{"href":"https:\/\/clube.playgroundgrid.com\/es\/wp-json\/wp\/v2\/media?parent=3"}],"curies":[{"name":"wp","href":"https:\/\/api.w.org\/{rel}","templated":true}]}}