{"id":1722,"date":"2022-03-31T17:58:48","date_gmt":"2022-03-31T20:58:48","guid":{"rendered":"https:\/\/clube.playgroundgrid.com\/?page_id=1722"},"modified":"2024-02-25T10:09:10","modified_gmt":"2024-02-25T13:09:10","slug":"termos-de-uso","status":"publish","type":"page","link":"https:\/\/clube.playgroundgrid.com\/es\/termos-de-uso\/","title":{"rendered":"Condiciones de uso"},"content":{"rendered":"<p>CLUBE DE VAGAS es un sitio web especializado en la creaci\u00f3n de contenidos con car\u00e1cter informativo y de an\u00e1lisis de diversos productos\/servicios (aplicaciones, sitios web, programas gubernamentales) proporcionados por diversas empresas (instituciones gubernamentales y no gubernamentales, otras empresas), ofreciendo contenidos con el objetivo de informar al usuario del producto que mejor se adapta a sus necesidades (\u201cVACANCY CLUB\u201d).<\/p>\n\n\n\n<p>Los presentes T\u00e9rminos y Condiciones Generales de Uso est\u00e1n a disposici\u00f3n del usuario en cualquier momento, a trav\u00e9s de la direcci\u00f3n: <a href=\"https:\/\/clube.playgroundgrid.com\/es\/termos-de-uso\/\">https:\/\/clube.playgroundgrid.com\/termos-de-uso<\/a> y lo dispuesto en la Pol\u00edtica de Privacidad de CLUBE DE VAGAS, disponible en: <a href=\"https:\/\/clube.playgroundgrid.com\/es\/politica-de-privacidade\/\">https:\/\/CLUBEDEVAGAS.com\/politica-de-privacidade<\/a>, as\u00ed como la legislaci\u00f3n vigente.<\/p>\n\n\n\n<p>Por lo tanto, los T\u00e9rminos y Condiciones Generales de Uso tienen como objetivo informar las responsabilidades, deberes y obligaciones de todo Usuario al acceder y\/o utilizar el CLUB VACANTE, tal como se describe en los puntos siguientes.<\/p>\n\n\n\n<h3 class=\"wp-block-heading\"><strong>1. DEFINICIONES<\/strong><\/h3>\n\n\n\n<p>1.1. A los efectos de estos T\u00e9rminos y Condiciones Generales de Uso:<\/p>\n\n\n\n<p>Usuario: cualquier persona natural o jur\u00eddica que acceda o utilice, a trav\u00e9s de cualquier medio, incluidos dispositivos m\u00f3viles, tel\u00e9fonos celulares, tabletas, computadoras personales, navegadores de internet y otros medios de acceso que puedan desarrollarse.<\/p>\n\n\n\n<h3 class=\"wp-block-heading\"><strong>2. ACEPTACI\u00d3N<\/strong><\/h3>\n\n\n\n<p>2.1. Al acceder a CLUBE DE VAGAS, por cualquier medio, el Usuario acepta haber le\u00eddo y estar de acuerdo con los T\u00e9rminos y Condiciones Generales de Uso y la Pol\u00edtica de Privacidad de CLUBE DE VAGAS.<\/p>\n\n\n\n<p>2.2. Al acceder y\/o utilizar el sitio web de CLUBE DE VAGAS, el Usuario declara tener al menos 18 (dieciocho) a\u00f1os y tener capacidad plena y expresa para aceptar los t\u00e9rminos y condiciones de los presentes T\u00e9rminos y Condiciones de Uso para todos los efectos legales.<\/p>\n\n\n\n<p>2.3. Si el Usuario no se ajusta a la descripci\u00f3n anterior y\/o no est\u00e1 de acuerdo, aunque sea parcialmente, con los t\u00e9rminos y condiciones contenidos en estos T\u00e9rminos y Condiciones de Uso, no deber\u00e1 acceder y\/o utilizar los servicios ofrecidos por CLUBE DE VAGAS, as\u00ed como los sitios web y servicios operados por ella.<\/p>\n\n\n\n<h3 class=\"wp-block-heading\"><strong>3. CONT\u00c1CTANOS<\/strong><\/h3>\n\n\n\n<p>3.1. El Usuario utiliza este servicio para resolver todas sus dudas, resolver cualquier problema y presentar quejas u otra informaci\u00f3n sobre los productos\/servicios disponibles en CLUBE DE VAGAS.<\/p>\n\n\n\n<p>3.2. \u201cCont\u00e1ctenos\u201d se puede activar enviando un correo electr\u00f3nico a: contato+cv@incred.digital<\/p>\n\n\n\n<h3 class=\"wp-block-heading\"><strong>4. RESPONSABILIDADES<\/strong><\/h3>\n\n\n\n<p>4.1. El Usuario debe leer atentamente todas las cl\u00e1usulas contenidas en estos T\u00e9rminos y Condiciones de Uso y la Pol\u00edtica de Privacidad (www.CLUBEDEVAGAS.com.br\/politica-de-privacy) y al utilizar los servicios y\/o productos disponibles en CLUBE DE VAGAS usted Estoy totalmente de acuerdo con todas las cl\u00e1usulas y condiciones de estos T\u00e9rminos y Condiciones de Uso y la Pol\u00edtica de Privacidad.<\/p>\n\n\n\n<p>4.2. CLUBE DE VAGAS proporciona enlaces y\/o redirige al Usuario a otros sitios web, donde el Usuario puede contratar servicios y\/o adquirir productos de las respectivas empresas, sin ning\u00fan tipo de interferencia por parte de CLUBE DE VAGAS.<\/p>\n\n\n\n<p>4.3. Si el Usuario es redirigido a la p\u00e1gina web de la empresa anunciada en el sitio web, el Usuario deber\u00e1 leer atentamente y aceptar expresamente los t\u00e9rminos y condiciones de uso y la pol\u00edtica de privacidad de la empresa anunciada.<\/p>\n\n\n\n<p>4.4. CLUBE DE VAGAS no tiene responsabilidad (a) por los t\u00e9rminos y condiciones generales de uso y pol\u00edtica de privacidad de las empresas anunciadas; (b) informaci\u00f3n sobre los servicios y\/o productos anunciados; (c) sobre los servicios y\/o productos eventualmente ofrecidos y\/o contratados con las empresas anunciadas.<\/p>\n\n\n\n<p>4.5. CLUBE DE VAGAS no es responsable de ning\u00fan virus, malware, spyware, troyano o cualquier software que pueda da\u00f1ar o cambiar la configuraci\u00f3n de los equipos de los Usuarios como resultado de la navegaci\u00f3n o uso en Internet o como resultado de la transferencia de datos, textos, im\u00e1genes. , archivos o audios.<\/p>\n\n\n\n<p>4.6. Es responsabilidad exclusiva de los Usuarios mantener actualizado el sistema operativo de sus equipos y con programas antivirus.<\/p>\n\n\n\n<p>4.7. CLUBE DE VAGAS no es responsable de posibles p\u00e9rdidas o da\u00f1os resultantes del uso irregular del sitio web de CLUBE DE VAGAS y\/o casos fortuitos y\/o de fuerza mayor.<\/p>\n\n\n\n<p>4.8. Sin perjuicio de las dem\u00e1s disposiciones de estas Condiciones de Uso, las obligaciones del Usuario son:<\/p>\n\n\n\n<ol class=\"wp-block-list\">\n<li>No violar ning\u00fan derecho de terceros al utilizar el sitio web de CLUBE DE VAGAS;<\/li>\n\n\n\n<li>No utilizar el sitio web de CLUBE DE VAGAS con el prop\u00f3sito de monitorear o acosar a terceros;<\/li>\n\n\n\n<li>No practicar actividades fraudulentas, ilegales, deshonestas o inapropiadas en el uso del sitio web de CLUBE DE VAGAS; y<\/li>\n\n\n\n<li>Respetar las condiciones establecidas en estos T\u00e9rminos y Condiciones Generales de Uso y en la Pol\u00edtica de Privacidad, as\u00ed como la legislaci\u00f3n brasile\u00f1a vigente;<\/li>\n<\/ol>\n\n\n\n<h3 class=\"wp-block-heading\"><strong>5. PLAZO Y PLAZO<\/strong><\/h3>\n\n\n\n<p>5.1. Estos T\u00e9rminos y Condiciones Generales de Uso tendr\u00e1n vigencia por tiempo indefinido y cualquier reclamaci\u00f3n judicial o administrativa que surja del uso del sitio web de CLUBE DE VAGAS sujeto a estos T\u00e9rminos Generales de Uso o a la Pol\u00edtica de Privacidad deber\u00e1 plantearse dentro de los 90 (noventa) d\u00edas. d\u00edas contados a partir de la fecha del hecho que los caus\u00f3.<\/p>\n\n\n\n<h3 class=\"wp-block-heading\"><strong>6. MODIFICACI\u00d3N DE LOS T\u00c9RMINOS Y CONDICIONES GENERALES<\/strong><\/h3>\n\n\n\n<p>6.1. Los T\u00e9rminos y Condiciones Generales de Uso de CLUBE DE VAGAS podr\u00e1n ser modificados, complementados o reemplazados en cualquier momento y por cualquier motivo, a exclusivo criterio de CLUBE DE VAGAS, sin previo aviso o notificaci\u00f3n a los Usuarios.<\/p>\n\n\n\n<p>6.2. TODA PERSONA QUE NO ACEPTE ESTOS T\u00c9RMINOS Y CONDICIONES, QUE SON OBLIGATORIOS Y VINCULANTES, DEBE ABSTENERSE DE UTILIZAR EL CLUB DE VACANTE.<\/p>\n\n\n\n<h3 class=\"wp-block-heading\"><strong>7. FORO DE LEGISLACI\u00d3N Y ELECCIONES<\/strong><\/h3>\n\n\n\n<p>7.1. Estos T\u00e9rminos y Condiciones Generales de Uso deben ser le\u00eddos e interpretados en conjunto con la Pol\u00edtica de Privacidad y ambos se rigen por las leyes vigentes en la Rep\u00fablica Federativa de Brasil, principalmente por la Constituci\u00f3n Federal, C\u00f3digo Civil, C\u00f3digo de Protecci\u00f3n al Consumidor, Ley General de Marco Civil da Internet y la Ley General de Protecci\u00f3n de Datos.<\/p>\n\n\n\n<p>7.2. Todas las cuestiones relativas a la interpretaci\u00f3n, cumplimiento o cualquier otra cuesti\u00f3n relacionada con estos T\u00e9rminos y Condiciones Generales de Uso y la Pol\u00edtica de Privacidad, las partes acuerdan expresamente y renuncian a cualquier otro enfoque y se someten a la jurisdicci\u00f3n del Distrito de Recife, Estado de Pernambuco.<\/p>\n\n\n\n<p>P\u00e1gina <a href=\"https:\/\/clube.playgroundgrid.com\/es\/contato\/\">Cont\u00e1ctenos<\/a><\/p>\n\n\n\n<p><\/p>","protected":false},"excerpt":{"rendered":"<p>O CLUBE DE VAGAS \u00e9 um site especializado em cria\u00e7\u00e3o de conte\u00fados de caracter\u00edsticas informativas e de an\u00e1lise de diversos produtos\/servi\u00e7os (aplicativos, sites, programas governamentais) fornecidos por diversas empresas (institui\u00e7\u00f5es governamentais e n\u00e3o governamentais, outras empresas), oferecendo conte\u00fado com intuito de informar para o usu\u00e1rio aquele produto que melhor se enquadre \u00e0s suas necessidades (&#8220;CLUBE [&hellip;]<\/p>","protected":false},"author":10,"featured_media":0,"parent":0,"menu_order":0,"comment_status":"closed","ping_status":"closed","template":"","meta":{"_acf_changed":false,"footnotes":""},"class_list":["post-1722","page","type-page","status-publish","hentry"],"acf":[],"yoast_head":"<!-- This site is optimized with the Yoast SEO plugin v23.7 - https:\/\/yoast.com\/wordpress\/plugins\/seo\/ -->\n<title>Termos de Uso - Clube de Vagas<\/title>\n<meta name=\"robots\" content=\"index, follow, max-snippet:-1, max-image-preview:large, max-video-preview:-1\" \/>\n<link rel=\"canonical\" href=\"https:\/\/clube.playgroundgrid.com\/es\/termos-de-uso\/\" \/>\n<meta property=\"og:locale\" content=\"es_ES\" \/>\n<meta property=\"og:type\" content=\"article\" \/>\n<meta property=\"og:title\" content=\"Termos de Uso - Clube de Vagas\" \/>\n<meta property=\"og:description\" content=\"O CLUBE DE VAGAS \u00e9 um site especializado em cria\u00e7\u00e3o de conte\u00fados de caracter\u00edsticas informativas e de an\u00e1lise de diversos produtos\/servi\u00e7os (aplicativos, sites, programas governamentais) fornecidos por diversas empresas (institui\u00e7\u00f5es governamentais e n\u00e3o governamentais, outras empresas), oferecendo conte\u00fado com intuito de informar para o usu\u00e1rio aquele produto que melhor se enquadre \u00e0s suas necessidades (&#8220;CLUBE [&hellip;]\" \/>\n<meta property=\"og:url\" content=\"https:\/\/clube.playgroundgrid.com\/es\/termos-de-uso\/\" \/>\n<meta property=\"og:site_name\" content=\"Clube de Vagas\" \/>\n<meta property=\"article:modified_time\" content=\"2024-02-25T13:09:10+00:00\" \/>\n<meta name=\"twitter:card\" content=\"summary_large_image\" \/>\n<script type=\"application\/ld+json\" class=\"yoast-schema-graph\">{\"@context\":\"https:\/\/schema.org\",\"@graph\":[{\"@type\":\"WebPage\",\"@id\":\"https:\/\/clube.playgroundgrid.com\/termos-de-uso\/\",\"url\":\"https:\/\/clube.playgroundgrid.com\/termos-de-uso\/\",\"name\":\"Termos de Uso - Clube de Vagas\",\"isPartOf\":{\"@id\":\"https:\/\/clube.playgroundgrid.com\/#website\"},\"datePublished\":\"2022-03-31T20:58:48+00:00\",\"dateModified\":\"2024-02-25T13:09:10+00:00\",\"breadcrumb\":{\"@id\":\"https:\/\/clube.playgroundgrid.com\/termos-de-uso\/#breadcrumb\"},\"inLanguage\":\"es\",\"potentialAction\":[{\"@type\":\"ReadAction\",\"target\":[\"https:\/\/clube.playgroundgrid.com\/termos-de-uso\/\"]}]},{\"@type\":\"BreadcrumbList\",\"@id\":\"https:\/\/clube.playgroundgrid.com\/termos-de-uso\/#breadcrumb\",\"itemListElement\":[{\"@type\":\"ListItem\",\"position\":1,\"name\":\"Home\",\"item\":\"https:\/\/clube.playgroundgrid.com\/\"},{\"@type\":\"ListItem\",\"position\":2,\"name\":\"Termos de Uso\"}]},{\"@type\":\"WebSite\",\"@id\":\"https:\/\/clube.playgroundgrid.com\/#website\",\"url\":\"https:\/\/clube.playgroundgrid.com\/\",\"name\":\"Clube de Vagas\",\"description\":\"O lugar certo para sua carreira\",\"publisher\":{\"@id\":\"https:\/\/clube.playgroundgrid.com\/#organization\"},\"potentialAction\":[{\"@type\":\"SearchAction\",\"target\":{\"@type\":\"EntryPoint\",\"urlTemplate\":\"https:\/\/clube.playgroundgrid.com\/?s={search_term_string}\"},\"query-input\":{\"@type\":\"PropertyValueSpecification\",\"valueRequired\":true,\"valueName\":\"search_term_string\"}}],\"inLanguage\":\"es\"},{\"@type\":\"Organization\",\"@id\":\"https:\/\/clube.playgroundgrid.com\/#organization\",\"name\":\"Clube de Vagas\",\"url\":\"https:\/\/clube.playgroundgrid.com\/\",\"logo\":{\"@type\":\"ImageObject\",\"inLanguage\":\"es\",\"@id\":\"https:\/\/clube.playgroundgrid.com\/#\/schema\/logo\/image\/\",\"url\":\"https:\/\/clube.playgroundgrid.com\/wp-content\/uploads\/2022\/03\/Design-sem-nome-39.png\",\"contentUrl\":\"https:\/\/clube.playgroundgrid.com\/wp-content\/uploads\/2022\/03\/Design-sem-nome-39.png\",\"width\":215,\"height\":60,\"caption\":\"Clube de Vagas\"},\"image\":{\"@id\":\"https:\/\/clube.playgroundgrid.com\/#\/schema\/logo\/image\/\"}}]}<\/script>\n<!-- \/ Yoast SEO plugin. -->","yoast_head_json":{"title":"Termos de Uso - Clube de Vagas","robots":{"index":"index","follow":"follow","max-snippet":"max-snippet:-1","max-image-preview":"max-image-preview:large","max-video-preview":"max-video-preview:-1"},"canonical":"https:\/\/clube.playgroundgrid.com\/es\/termos-de-uso\/","og_locale":"es_ES","og_type":"article","og_title":"Termos de Uso - Clube de Vagas","og_description":"O CLUBE DE VAGAS \u00e9 um site especializado em cria\u00e7\u00e3o de conte\u00fados de caracter\u00edsticas informativas e de an\u00e1lise de diversos produtos\/servi\u00e7os (aplicativos, sites, programas governamentais) fornecidos por diversas empresas (institui\u00e7\u00f5es governamentais e n\u00e3o governamentais, outras empresas), oferecendo conte\u00fado com intuito de informar para o usu\u00e1rio aquele produto que melhor se enquadre \u00e0s suas necessidades (&#8220;CLUBE [&hellip;]","og_url":"https:\/\/clube.playgroundgrid.com\/es\/termos-de-uso\/","og_site_name":"Clube de Vagas","article_modified_time":"2024-02-25T13:09:10+00:00","twitter_card":"summary_large_image","schema":{"@context":"https:\/\/schema.org","@graph":[{"@type":"WebPage","@id":"https:\/\/clube.playgroundgrid.com\/termos-de-uso\/","url":"https:\/\/clube.playgroundgrid.com\/termos-de-uso\/","name":"Termos de Uso - Clube de Vagas","isPartOf":{"@id":"https:\/\/clube.playgroundgrid.com\/#website"},"datePublished":"2022-03-31T20:58:48+00:00","dateModified":"2024-02-25T13:09:10+00:00","breadcrumb":{"@id":"https:\/\/clube.playgroundgrid.com\/termos-de-uso\/#breadcrumb"},"inLanguage":"es","potentialAction":[{"@type":"ReadAction","target":["https:\/\/clube.playgroundgrid.com\/termos-de-uso\/"]}]},{"@type":"BreadcrumbList","@id":"https:\/\/clube.playgroundgrid.com\/termos-de-uso\/#breadcrumb","itemListElement":[{"@type":"ListItem","position":1,"name":"Home","item":"https:\/\/clube.playgroundgrid.com\/"},{"@type":"ListItem","position":2,"name":"Termos de Uso"}]},{"@type":"WebSite","@id":"https:\/\/clube.playgroundgrid.com\/#website","url":"https:\/\/clube.playgroundgrid.com\/","name":"Clube de Vagas","description":"O lugar certo para sua carreira","publisher":{"@id":"https:\/\/clube.playgroundgrid.com\/#organization"},"potentialAction":[{"@type":"SearchAction","target":{"@type":"EntryPoint","urlTemplate":"https:\/\/clube.playgroundgrid.com\/?s={search_term_string}"},"query-input":{"@type":"PropertyValueSpecification","valueRequired":true,"valueName":"search_term_string"}}],"inLanguage":"es"},{"@type":"Organization","@id":"https:\/\/clube.playgroundgrid.com\/#organization","name":"Clube de Vagas","url":"https:\/\/clube.playgroundgrid.com\/","logo":{"@type":"ImageObject","inLanguage":"es","@id":"https:\/\/clube.playgroundgrid.com\/#\/schema\/logo\/image\/","url":"https:\/\/clube.playgroundgrid.com\/wp-content\/uploads\/2022\/03\/Design-sem-nome-39.png","contentUrl":"https:\/\/clube.playgroundgrid.com\/wp-content\/uploads\/2022\/03\/Design-sem-nome-39.png","width":215,"height":60,"caption":"Clube de Vagas"},"image":{"@id":"https:\/\/clube.playgroundgrid.com\/#\/schema\/logo\/image\/"}}]}},"_links":{"self":[{"href":"https:\/\/clube.playgroundgrid.com\/es\/wp-json\/wp\/v2\/pages\/1722","targetHints":{"allow":["GET"]}}],"collection":[{"href":"https:\/\/clube.playgroundgrid.com\/es\/wp-json\/wp\/v2\/pages"}],"about":[{"href":"https:\/\/clube.playgroundgrid.com\/es\/wp-json\/wp\/v2\/types\/page"}],"author":[{"embeddable":true,"href":"https:\/\/clube.playgroundgrid.com\/es\/wp-json\/wp\/v2\/users\/10"}],"replies":[{"embeddable":true,"href":"https:\/\/clube.playgroundgrid.com\/es\/wp-json\/wp\/v2\/comments?post=1722"}],"version-history":[{"count":0,"href":"https:\/\/clube.playgroundgrid.com\/es\/wp-json\/wp\/v2\/pages\/1722\/revisions"}],"wp:attachment":[{"href":"https:\/\/clube.playgroundgrid.com\/es\/wp-json\/wp\/v2\/media?parent=1722"}],"curies":[{"name":"wp","href":"https:\/\/api.w.org\/{rel}","templated":true}]}}