{"id":3,"date":"2018-12-17T12:35:28","date_gmt":"2018-12-17T14:35:28","guid":{"rendered":"https:\/\/clube.playgroundgrid.com\/?page_id=3"},"modified":"2024-02-25T10:08:51","modified_gmt":"2024-02-25T13:08:51","slug":"politica-de-privacidade","status":"publish","type":"page","link":"https:\/\/clube.playgroundgrid.com\/en\/politica-de-privacidade\/","title":{"rendered":"Privacy Policy"},"content":{"rendered":"<p><span style=\"font-weight: 400;\">IN ADS DIGITAL, CNPJ <\/span>20.599.776\/0001-87<span style=\"font-weight: 400;\"> , located at Travessa do Amorim, n\u00ba 66, CxPs 145, Bairro do Recife Recife \u2013 PE, CEP: 50.030-070 is concerned with the electronic records and personal data left by you (\u201cHolder\u201d) when using our website (www.clubedevagas.com) and services available therein (\u201cServices\u201d) or that you have otherwise provided us with personal data that may identify you.<\/span><\/p>\n\n\n\n<p><span style=\"font-weight: 400;\">This Privacy Policy (\u201cPolicy\u201d) regulates, in a simple, transparent and objective manner, which personal data may be collected, as well as when and how they may be used.<\/span><\/p>\n\n\n\n<p><span style=\"font-weight: 400;\">This Policy is aimed at IN ADS customers and the general public, when accessing and using our Website and the services available therein, and includes the ways in which we process your personal data. If you are an employee, collaborator or supplier, a customer of a licensed product or if you are participating in a specific project or activity with IN ADS, you should seek the respective privacy notice issued by IN ADS, or the person responsible for hiring you at the company, so that they can provide you with the applicable terms and inform you about your rights over your data.<\/span><\/p>\n\n\n\n<h2 class=\"wp-block-heading\"><b>Important Definitions<\/b><\/h2>\n\n\n\n<p><span style=\"font-weight: 400;\">In this Privacy Policy we adopt the following meanings for the terms:<\/span><\/p>\n\n\n\n<p><b>Personal data: <\/b><span style=\"font-weight: 400;\">Any information related to a natural person, directly or indirectly, identified or identifiable.<\/span><\/p>\n\n\n\n<p><b>Sensitive personal data:<\/b><span style=\"font-weight: 400;\"> Special category of personal data relating to racial or ethnic origin, religious belief, political opinion, membership of a trade union or organization of a religious, philosophical or political nature, relating to health or sexual life, genetic or biometric data relating to the natural person.<\/span><\/p>\n\n\n\n<p><b>Holder: <\/b><span style=\"font-weight: 400;\">Natural person to whom the personal data refers. For the purposes of this Privacy Policy, you are the Data Subject.<\/span><\/p>\n\n\n\n<p><b>Treatment:<\/b><span style=\"font-weight: 400;\"> Any operation carried out with personal data, such as those relating to: collection, production, reception, classification, use, access, reproduction, transmission, distribution, processing, archiving, storage, elimination, evaluation or control of information, modification, communication, transfer, dissemination or extraction.<\/span><\/p>\n\n\n\n<p><b>Anonymization:<\/b><span style=\"font-weight: 400;\"> Process through which data loses the possibility of association, directly or indirectly, with an individual, considering the reasonable technical means available at the time of processing.<\/span><\/p>\n\n\n\n<h2 class=\"wp-block-heading\"><b>Data collection<\/b><\/h2>\n\n\n\n<p><span style=\"font-weight: 400;\">We collect information about you when you use our Services. Additionally, third parties may collect information about you when you use our Services. The information collected may include or reflect personally identifiable information, as well as anonymized information.<\/span><\/p>\n\n\n\n<p><b>When we collect your Personal Data:<\/b><\/p>\n\n\n\n<p><b>When filling out forms in the Services.<\/b><span style=\"font-weight: 400;\">&nbsp; When you interact with any material constructed by IN ADS, such as a questionnaire, you will be granting us access to certain data about you. You may submit data to us for limited purposes, respond to a questionnaire; participate in a study or survey; enter contests or sweepstakes; or sign up to receive communications from us.<\/span><\/p>\n\n\n\n<p><b>For your contact with us<\/b><span style=\"font-weight: 400;\">. When you contact IN ADS through your interaction with the service channels, you may be providing us with your personal data. For example, when sending us a conventional letter, you will provide your sender information, in addition to the content of the letter itself. In electronic messages such as e-mail, you will also be sending us your <\/span><i><span style=\"font-weight: 400;\">metadata<\/span><\/i><span style=\"font-weight: 400;\"> typical of this form of communication.<\/span><\/p>\n\n\n\n<p><b>Data we do not wish to collect on the Services:<\/b><\/p>\n\n\n\n<p><b>Data of minors. <\/b><span style=\"font-weight: 400;\">We do not knowingly collect personal data from minors or incapacitated individuals. If you are a parent or legal guardian and believe that your child or person under your legal responsibility has provided personal data to IN ADS without your consent, you may inquire about the existence and request the deletion of such information by contacting us by email: <\/span><b>contact+cv@incred.digital<\/b><span style=\"font-weight: 400;\">.<\/span><\/p>\n\n\n\n<p><b>Sensitive personal data.<\/b><span style=\"font-weight: 400;\"> We do not intentionally collect sensitive personal data through our Services. In principle, the information requested in our forms or required for us to establish any type of contact mediated by the Services does not necessarily require personal data relating to racial or ethnic origin, religious belief, political opinion, membership of a trade union or organization of a religious, philosophical or political nature, health or sexual life, genetic or biometric data relating to the natural person. However, in situations where you voluntarily submit sensitive personal data to us, for example when filling out a form or sending us a message through our customer service channels, you agree that we may process your sensitive personal data.<\/span><\/p>\n\n\n\n<p><b>Data collected automatically<\/b><\/p>\n\n\n\n<p><b>Navigation data.<\/b><span style=\"font-weight: 400;\"> We automatically collect certain types of data when you use our Services, regardless of whether you have an account. This data includes your IP address, technical information about your device (browser type, operating system, basic device information, date and time of your request, geolocation), the web page you visited or the search query you entered before coming to us, and your activities. We may track your activities using cookies and similar technologies.<\/span><\/p>\n\n\n\n<h2 class=\"wp-block-heading\"><b>Use of data<\/b><\/h2>\n\n\n\n<p><span style=\"font-weight: 400;\">You agree that IN ADS may use the personal data provided by you to (art. 7, inc. I, LGPD):<\/span><\/p>\n\n\n\n<p><b>Communication with you: <\/b><span style=\"font-weight: 400;\">We use your data when we communicate with you, for example when we send you emails. We also use the personal data you provide to offer IN ADS products and services.<\/span><\/p>\n\n\n\n<p><b>Operating our services:<\/b><span style=\"font-weight: 400;\"> We use your data to provide our services, and otherwise fulfill our contractual obligations to you.<\/span><\/p>\n\n\n\n<p><b>Improving our services:<\/b><span style=\"font-weight: 400;\"> We use your data to understand how our services are being used and how we can improve them. We generally analyze aggregated data, rather than user-specific data. However, we may need to analyze a specific case to resolve a specific issue, such as a bug that only affects certain situations.<\/span><\/p>\n\n\n\n<p><b>Personalizing your experience:<\/b><span style=\"font-weight: 400;\"> We use your data to personalize the service for you.<\/span><\/p>\n\n\n\n<p><b>Marketing and advertising: <\/b><span style=\"font-weight: 400;\">We use your data to show you advertisements on third-party websites. We may also use your data to send you third-party advertisements.<\/span><\/p>\n\n\n\n<p><span style=\"font-weight: 400;\">IN ADS may also use the personal data provided by you to (art. 7, inc. II, V, VI and IX, LGPD):<\/span><\/p>\n\n\n\n<p><b>Regular exercise of rights:<\/b><span style=\"font-weight: 400;\"> where reasonably necessary, we use your data to exercise our legal rights and prevent abuse of our service.<\/span><\/p>\n\n\n\n<p><b>Legal compliance: <\/b><span style=\"font-weight: 400;\">We use your data where we are legally required to do so. For example, we may need to collect your data to respond to a subpoena or court order.<\/span><\/p>\n\n\n\n<p><b>Protecting your information:<\/b><span style=\"font-weight: 400;\"> where appropriate, we may anonymize, backup, and delete certain data.<\/span><\/p>\n\n\n\n<h2 class=\"wp-block-heading\"><b>Data sharing<\/b><\/h2>\n\n\n\n<p><span style=\"font-weight: 400;\">You agree that IN ADS may share and process the personal data provided by you, in any countries or territories, for the following purposes (art. 7, inc. I, LGPD):<\/span><\/p>\n\n\n\n<p><b>Authorized suppliers:<\/b><span style=\"font-weight: 400;\"> We may share your data with third-party providers who help us operate our Services, process orders, and fulfill your instructions and contractual obligations. This may include payment processors, content delivery networks (CDNs), cloud-based hosting services, monitoring services, email service providers, quality assurance and testing providers, fraud and abuse prevention providers, customer relationship management (CRM) providers, and shipping providers.<\/span><\/p>\n\n\n\n<p><b>Advertising:<\/b><span style=\"font-weight: 400;\"> We may share your data with advertising companies to display relevant ads to you.<\/span><\/p>\n\n\n\n<p><b>Analysis:<\/b><span style=\"font-weight: 400;\"> We may share your data with analytics providers who help us understand how customers are using our services.<\/span><\/p>\n\n\n\n<p><span style=\"font-weight: 400;\">We use reasonable efforts to screen vendors for their privacy and data security practices. We require that these vendors agree to protect the data we share with them.<\/span><\/p>\n\n\n\n<p><span style=\"font-weight: 400;\">IN ADS may also share and process the personal data provided by you, in any countries or territories, for the following purposes (art. 7, inc. VI, LGPD):<\/span><\/p>\n\n\n\n<p><b>Certain legal situations:<\/b><span style=\"font-weight: 400;\"> We may share your data where we believe disclosure is necessary to comply with a legal obligation or in connection with a corporate transaction.<\/span><\/p>\n\n\n\n<p><span style=\"font-weight: 400;\">Aggregated or anonymous information will not be considered personal data, we may publicly disclose aggregated or anonymous non-personal information, such as our number of visitors and registered users.<\/span><\/p>\n\n\n\n<h2 class=\"wp-block-heading\"><b>Your Rights<\/b><\/h2>\n\n\n\n<p><span style=\"font-weight: 400;\">You have the right to request at any time, with regard to your personal data (art.18 of the LGPD):<\/span><\/p>\n\n\n\n<ul class=\"wp-block-list\">\n<li><span style=\"font-weight: 400;\">confirmation of the existence of treatment;<\/span><\/li>\n\n\n\n<li><span style=\"font-weight: 400;\">access to data;<\/span><\/li>\n\n\n\n<li><span style=\"font-weight: 400;\">correction of incomplete, inaccurate or outdated data;<\/span><\/li>\n\n\n\n<li><span style=\"font-weight: 400;\">anonymization, blocking or deletion of unnecessary, excessive data;<\/span><\/li>\n\n\n\n<li><span style=\"font-weight: 400;\">portability of data to another service or product provider, upon express request, in accordance with the regulations of the national authority, observing commercial and industrial secrets;<\/span><\/li>\n\n\n\n<li><span style=\"font-weight: 400;\">deletion of personal data processed with your consent, except in the cases provided for<\/span><\/li>\n<\/ul>\n\n\n\n<p><span style=\"font-weight: 400;\">In addition to the legally required circumstances, we may retain records of information collected automatically (for internal analysis and security purposes).<\/span><\/p>\n\n\n\n<h2 class=\"wp-block-heading\"><b>Protecting your information<\/b><\/h2>\n\n\n\n<p><span style=\"font-weight: 400;\">IN ADS employs reasonable administrative, logical, managerial and physical measures to protect your personal data against loss, theft and unauthorized access, use and alteration. These measures are designed to provide a level of security appropriate to the risks of processing your personal data.<\/span><\/p>\n\n\n\n<p><span style=\"font-weight: 400;\">Despite these efforts, no information system can be 100% secure, so we cannot guarantee the absolute security of your information. Users also have a role to play in keeping their data safe by avoiding reckless and reckless behavior.<\/span><\/p>\n\n\n\n<h2 class=\"wp-block-heading\"><b>Third party services<\/b><\/h2>\n\n\n\n<p><span style=\"font-weight: 400;\">We may provide links to online services that we do not own and operate. These services are outside the scope of this Privacy Policy and we have no control over the data they collect. For example, if you click on a link from one of our social networks, you may be taken to the site of that social network service provider. Once on a third-party site, your data may be collected by the third party. We encourage you to read the privacy policies of such services before using them.<\/span><\/p>\n\n\n\n<h2 class=\"wp-block-heading\"><b>Contact us<\/b><\/h2>\n\n\n\n<p><span style=\"font-weight: 400;\">To clarify a query, make a request or exercise any of your rights over your personal data, you should contact us at:<\/span><\/p>\n\n\n\n<p><b>IN ADS DIGITAL, Travessa do Amorim, n\u00ba 66, Boxes 145, Recife Neighborhood Recife \u2013 PE, ZIP Code: 50.030-070<\/b><\/p>\n\n\n\n<p><b>\u00a0\u00a0\u00a0\u00a0\u00a0<\/b> &#8211; <b>\u00a0contact+cv@incred.digital<\/b><\/p>\n\n\n\n<h2 class=\"wp-block-heading\"><b>Changes to the Privacy Policy<\/b><\/h2>\n\n\n\n<p><span style=\"font-weight: 400;\">IN ADS reserves the right to modify its privacy policy at any time and will notify you by posting an addendum to the privacy policy on our Website. These changes will become effective on the day they are published.<\/span><\/p>\n\n\n\n<p>&nbsp;<\/p>","protected":false},"excerpt":{"rendered":"<p>A IN ADS DIGITAL, CNPJ 20.599.776\/0001-87 , localizada na Travessa do Amorim, n\u00ba 66, CxPs 145, Bairro do Recife Recife &#8211; PE, CEP: 50.030-070&nbsp; se preocupa com os registros eletr\u00f4nicos e os dados pessoais deixados por voc\u00ea (\u201cTitular\u201d) na utiliza\u00e7\u00e3o do nosso website (www.clubedevagas.com) e servi\u00e7os nele dispon\u00edveis (\u201cServi\u00e7os\u201d) ou que de outra forma tenha [&hellip;]<\/p>","protected":false},"author":1,"featured_media":0,"parent":0,"menu_order":0,"comment_status":"closed","ping_status":"open","template":"","meta":{"_acf_changed":false,"footnotes":""},"class_list":["post-3","page","type-page","status-publish","hentry"],"acf":[],"yoast_head":"<!-- This site is optimized with the Yoast SEO plugin v23.7 - https:\/\/yoast.com\/wordpress\/plugins\/seo\/ -->\n<title>Pol\u00edtica de privacidade - Clube de Vagas<\/title>\n<meta name=\"robots\" content=\"index, follow, max-snippet:-1, max-image-preview:large, max-video-preview:-1\" \/>\n<link rel=\"canonical\" href=\"https:\/\/clube.playgroundgrid.com\/en\/politica-de-privacidade\/\" \/>\n<meta property=\"og:locale\" content=\"en_US\" \/>\n<meta property=\"og:type\" content=\"article\" \/>\n<meta property=\"og:title\" content=\"Pol\u00edtica de privacidade - Clube de Vagas\" \/>\n<meta property=\"og:description\" content=\"A IN ADS DIGITAL, CNPJ 20.599.776\/0001-87 , localizada na Travessa do Amorim, n\u00ba 66, CxPs 145, Bairro do Recife Recife &#8211; PE, CEP: 50.030-070&nbsp; se preocupa com os registros eletr\u00f4nicos e os dados pessoais deixados por voc\u00ea (\u201cTitular\u201d) na utiliza\u00e7\u00e3o do nosso website (www.clubedevagas.com) e servi\u00e7os nele dispon\u00edveis (\u201cServi\u00e7os\u201d) ou que de outra forma tenha [&hellip;]\" \/>\n<meta property=\"og:url\" content=\"https:\/\/clube.playgroundgrid.com\/en\/politica-de-privacidade\/\" \/>\n<meta property=\"og:site_name\" content=\"Clube de Vagas\" \/>\n<meta property=\"article:modified_time\" content=\"2024-02-25T13:08:51+00:00\" \/>\n<meta name=\"twitter:card\" content=\"summary_large_image\" \/>\n<script type=\"application\/ld+json\" class=\"yoast-schema-graph\">{\"@context\":\"https:\/\/schema.org\",\"@graph\":[{\"@type\":\"WebPage\",\"@id\":\"https:\/\/clube.playgroundgrid.com\/politica-de-privacidade\/\",\"url\":\"https:\/\/clube.playgroundgrid.com\/politica-de-privacidade\/\",\"name\":\"Pol\u00edtica de privacidade - Clube de Vagas\",\"isPartOf\":{\"@id\":\"https:\/\/clube.playgroundgrid.com\/#website\"},\"datePublished\":\"2018-12-17T14:35:28+00:00\",\"dateModified\":\"2024-02-25T13:08:51+00:00\",\"breadcrumb\":{\"@id\":\"https:\/\/clube.playgroundgrid.com\/politica-de-privacidade\/#breadcrumb\"},\"inLanguage\":\"en-US\",\"potentialAction\":[{\"@type\":\"ReadAction\",\"target\":[\"https:\/\/clube.playgroundgrid.com\/politica-de-privacidade\/\"]}]},{\"@type\":\"BreadcrumbList\",\"@id\":\"https:\/\/clube.playgroundgrid.com\/politica-de-privacidade\/#breadcrumb\",\"itemListElement\":[{\"@type\":\"ListItem\",\"position\":1,\"name\":\"Home\",\"item\":\"https:\/\/clube.playgroundgrid.com\/\"},{\"@type\":\"ListItem\",\"position\":2,\"name\":\"Pol\u00edtica de privacidade\"}]},{\"@type\":\"WebSite\",\"@id\":\"https:\/\/clube.playgroundgrid.com\/#website\",\"url\":\"https:\/\/clube.playgroundgrid.com\/\",\"name\":\"Clube de Vagas\",\"description\":\"O lugar certo para sua carreira\",\"publisher\":{\"@id\":\"https:\/\/clube.playgroundgrid.com\/#organization\"},\"potentialAction\":[{\"@type\":\"SearchAction\",\"target\":{\"@type\":\"EntryPoint\",\"urlTemplate\":\"https:\/\/clube.playgroundgrid.com\/?s={search_term_string}\"},\"query-input\":{\"@type\":\"PropertyValueSpecification\",\"valueRequired\":true,\"valueName\":\"search_term_string\"}}],\"inLanguage\":\"en-US\"},{\"@type\":\"Organization\",\"@id\":\"https:\/\/clube.playgroundgrid.com\/#organization\",\"name\":\"Clube de Vagas\",\"url\":\"https:\/\/clube.playgroundgrid.com\/\",\"logo\":{\"@type\":\"ImageObject\",\"inLanguage\":\"en-US\",\"@id\":\"https:\/\/clube.playgroundgrid.com\/#\/schema\/logo\/image\/\",\"url\":\"https:\/\/clube.playgroundgrid.com\/wp-content\/uploads\/2022\/03\/Design-sem-nome-39.png\",\"contentUrl\":\"https:\/\/clube.playgroundgrid.com\/wp-content\/uploads\/2022\/03\/Design-sem-nome-39.png\",\"width\":215,\"height\":60,\"caption\":\"Clube de Vagas\"},\"image\":{\"@id\":\"https:\/\/clube.playgroundgrid.com\/#\/schema\/logo\/image\/\"}}]}<\/script>\n<!-- \/ Yoast SEO plugin. -->","yoast_head_json":{"title":"Pol\u00edtica de privacidade - Clube de Vagas","robots":{"index":"index","follow":"follow","max-snippet":"max-snippet:-1","max-image-preview":"max-image-preview:large","max-video-preview":"max-video-preview:-1"},"canonical":"https:\/\/clube.playgroundgrid.com\/en\/politica-de-privacidade\/","og_locale":"en_US","og_type":"article","og_title":"Pol\u00edtica de privacidade - Clube de Vagas","og_description":"A IN ADS DIGITAL, CNPJ 20.599.776\/0001-87 , localizada na Travessa do Amorim, n\u00ba 66, CxPs 145, Bairro do Recife Recife &#8211; PE, CEP: 50.030-070&nbsp; se preocupa com os registros eletr\u00f4nicos e os dados pessoais deixados por voc\u00ea (\u201cTitular\u201d) na utiliza\u00e7\u00e3o do nosso website (www.clubedevagas.com) e servi\u00e7os nele dispon\u00edveis (\u201cServi\u00e7os\u201d) ou que de outra forma tenha [&hellip;]","og_url":"https:\/\/clube.playgroundgrid.com\/en\/politica-de-privacidade\/","og_site_name":"Clube de Vagas","article_modified_time":"2024-02-25T13:08:51+00:00","twitter_card":"summary_large_image","schema":{"@context":"https:\/\/schema.org","@graph":[{"@type":"WebPage","@id":"https:\/\/clube.playgroundgrid.com\/politica-de-privacidade\/","url":"https:\/\/clube.playgroundgrid.com\/politica-de-privacidade\/","name":"Pol\u00edtica de privacidade - Clube de Vagas","isPartOf":{"@id":"https:\/\/clube.playgroundgrid.com\/#website"},"datePublished":"2018-12-17T14:35:28+00:00","dateModified":"2024-02-25T13:08:51+00:00","breadcrumb":{"@id":"https:\/\/clube.playgroundgrid.com\/politica-de-privacidade\/#breadcrumb"},"inLanguage":"en-US","potentialAction":[{"@type":"ReadAction","target":["https:\/\/clube.playgroundgrid.com\/politica-de-privacidade\/"]}]},{"@type":"BreadcrumbList","@id":"https:\/\/clube.playgroundgrid.com\/politica-de-privacidade\/#breadcrumb","itemListElement":[{"@type":"ListItem","position":1,"name":"Home","item":"https:\/\/clube.playgroundgrid.com\/"},{"@type":"ListItem","position":2,"name":"Pol\u00edtica de privacidade"}]},{"@type":"WebSite","@id":"https:\/\/clube.playgroundgrid.com\/#website","url":"https:\/\/clube.playgroundgrid.com\/","name":"Clube de Vagas","description":"O lugar certo para sua carreira","publisher":{"@id":"https:\/\/clube.playgroundgrid.com\/#organization"},"potentialAction":[{"@type":"SearchAction","target":{"@type":"EntryPoint","urlTemplate":"https:\/\/clube.playgroundgrid.com\/?s={search_term_string}"},"query-input":{"@type":"PropertyValueSpecification","valueRequired":true,"valueName":"search_term_string"}}],"inLanguage":"en-US"},{"@type":"Organization","@id":"https:\/\/clube.playgroundgrid.com\/#organization","name":"Clube de Vagas","url":"https:\/\/clube.playgroundgrid.com\/","logo":{"@type":"ImageObject","inLanguage":"en-US","@id":"https:\/\/clube.playgroundgrid.com\/#\/schema\/logo\/image\/","url":"https:\/\/clube.playgroundgrid.com\/wp-content\/uploads\/2022\/03\/Design-sem-nome-39.png","contentUrl":"https:\/\/clube.playgroundgrid.com\/wp-content\/uploads\/2022\/03\/Design-sem-nome-39.png","width":215,"height":60,"caption":"Clube de Vagas"},"image":{"@id":"https:\/\/clube.playgroundgrid.com\/#\/schema\/logo\/image\/"}}]}},"_links":{"self":[{"href":"https:\/\/clube.playgroundgrid.com\/en\/wp-json\/wp\/v2\/pages\/3","targetHints":{"allow":["GET"]}}],"collection":[{"href":"https:\/\/clube.playgroundgrid.com\/en\/wp-json\/wp\/v2\/pages"}],"about":[{"href":"https:\/\/clube.playgroundgrid.com\/en\/wp-json\/wp\/v2\/types\/page"}],"author":[{"embeddable":true,"href":"https:\/\/clube.playgroundgrid.com\/en\/wp-json\/wp\/v2\/users\/1"}],"replies":[{"embeddable":true,"href":"https:\/\/clube.playgroundgrid.com\/en\/wp-json\/wp\/v2\/comments?post=3"}],"version-history":[{"count":0,"href":"https:\/\/clube.playgroundgrid.com\/en\/wp-json\/wp\/v2\/pages\/3\/revisions"}],"wp:attachment":[{"href":"https:\/\/clube.playgroundgrid.com\/en\/wp-json\/wp\/v2\/media?parent=3"}],"curies":[{"name":"wp","href":"https:\/\/api.w.org\/{rel}","templated":true}]}}