{"id":1567,"date":"2020-04-08T16:16:52","date_gmt":"2020-04-08T19:16:52","guid":{"rendered":"https:\/\/senac2021.blog.br\/?page_id=474"},"modified":"2023-01-18T11:22:59","modified_gmt":"2023-01-18T14:22:59","slug":"sobre-nos","status":"publish","type":"page","link":"https:\/\/clube.playgroundgrid.com\/en\/sobre-nos\/","title":{"rendered":"About Us"},"content":{"rendered":"<p><span style=\"color: #000000;\"><img fetchpriority=\"high\" decoding=\"async\" class=\"wp-image-1741 size-full aligncenter\" src=\"https:\/\/clube.playgroundgrid.com\/wp-content\/uploads\/2022\/03\/277469035_3219121768365147_1364517998661727030_n.png\" alt=\"\" width=\"828\" height=\"315\" srcset=\"https:\/\/clube.playgroundgrid.com\/wp-content\/uploads\/2022\/03\/277469035_3219121768365147_1364517998661727030_n.png 828w, https:\/\/clube.playgroundgrid.com\/wp-content\/uploads\/2022\/03\/277469035_3219121768365147_1364517998661727030_n-300x114.png 300w, https:\/\/clube.playgroundgrid.com\/wp-content\/uploads\/2022\/03\/277469035_3219121768365147_1364517998661727030_n-768x292.png 768w\" sizes=\"(max-width: 828px) 100vw, 828px\" \/><\/span><\/p>\n<p><span style=\"color: #000000;\">The \u201c<a href=\"https:\/\/clube.playgroundgrid.com\/en\/\" target=\"_blank\" rel=\"noopener noreferrer\"><strong>JOB CLUB<\/strong><\/a>\u201d is an unofficial website and has no direct connection with the \u201cS\u201d system or any other institution or company mentioned here. Our mission is to gather information about the <strong>courses, job vacancies, young apprentices and internships<\/strong> spread throughout Brazil.<\/span><\/p>\n<p>We are a journalistic website, with the aim of always and well informing readers throughout Brazil and the world, with the aim of being an agent of transformation of lives through decent jobs and qualifications.<\/p>\n<p><span style=\"color: #000000;\">Questions? Contact us <a href=\"https:\/\/clube.playgroundgrid.com\/en\/contato\/\" target=\"_blank\" rel=\"noopener noreferrer\"><strong>contact<\/strong> <\/a>and find out more details about our <a href=\"https:\/\/clube.playgroundgrid.com\/en\/politica-de-privacidade\/\" target=\"_blank\" rel=\"noopener noreferrer\"><strong>Privacy Policy<\/strong><\/a>!<\/span><\/p>","protected":false},"excerpt":{"rendered":"<p>O &#8220;CLUBE DE VAGAS&#8221; \u00e9 um site n\u00e3o oficial e sem liga\u00e7\u00e3o direta com o sistema &#8220;S&#8221; ou qualquer outra institui\u00e7\u00e3o ou empresa aqui citada. A nossa miss\u00e3o \u00e9 reunir informa\u00e7\u00f5es sobre os cursos, vagas de emprego, jovem aprendiz e est\u00e1gios espalhados pelo Brasil. Somos um site jornal\u00edstico, com intuito de informar bem e sempre [&hellip;]<\/p>","protected":false},"author":1,"featured_media":0,"parent":0,"menu_order":0,"comment_status":"closed","ping_status":"closed","template":"","meta":{"_acf_changed":false,"footnotes":""},"class_list":["post-1567","page","type-page","status-publish","hentry"],"acf":[],"yoast_head":"<!-- This site is optimized with the Yoast SEO plugin v23.7 - https:\/\/yoast.com\/wordpress\/plugins\/seo\/ -->\n<title>Sobre N\u00f3s - Clube de Vagas<\/title>\n<meta name=\"robots\" content=\"index, follow, max-snippet:-1, max-image-preview:large, max-video-preview:-1\" \/>\n<link rel=\"canonical\" href=\"https:\/\/clube.playgroundgrid.com\/en\/sobre-nos\/\" \/>\n<meta property=\"og:locale\" content=\"en_US\" \/>\n<meta property=\"og:type\" content=\"article\" \/>\n<meta property=\"og:title\" content=\"Sobre N\u00f3s - Clube de Vagas\" \/>\n<meta property=\"og:description\" content=\"O &#8220;CLUBE DE VAGAS&#8221; \u00e9 um site n\u00e3o oficial e sem liga\u00e7\u00e3o direta com o sistema &#8220;S&#8221; ou qualquer outra institui\u00e7\u00e3o ou empresa aqui citada. A nossa miss\u00e3o \u00e9 reunir informa\u00e7\u00f5es sobre os cursos, vagas de emprego, jovem aprendiz e est\u00e1gios espalhados pelo Brasil. Somos um site jornal\u00edstico, com intuito de informar bem e sempre [&hellip;]\" \/>\n<meta property=\"og:url\" content=\"https:\/\/clube.playgroundgrid.com\/en\/sobre-nos\/\" \/>\n<meta property=\"og:site_name\" content=\"Clube de Vagas\" \/>\n<meta property=\"article:modified_time\" content=\"2023-01-18T14:22:59+00:00\" \/>\n<meta property=\"og:image\" content=\"https:\/\/clube.playgroundgrid.com\/wp-content\/uploads\/2022\/03\/277469035_3219121768365147_1364517998661727030_n.png\" \/>\n<meta name=\"twitter:card\" content=\"summary_large_image\" \/>\n<script type=\"application\/ld+json\" class=\"yoast-schema-graph\">{\"@context\":\"https:\/\/schema.org\",\"@graph\":[{\"@type\":\"WebPage\",\"@id\":\"https:\/\/clube.playgroundgrid.com\/sobre-nos\/\",\"url\":\"https:\/\/clube.playgroundgrid.com\/sobre-nos\/\",\"name\":\"Sobre N\u00f3s - Clube de Vagas\",\"isPartOf\":{\"@id\":\"https:\/\/clube.playgroundgrid.com\/#website\"},\"primaryImageOfPage\":{\"@id\":\"https:\/\/clube.playgroundgrid.com\/sobre-nos\/#primaryimage\"},\"image\":{\"@id\":\"https:\/\/clube.playgroundgrid.com\/sobre-nos\/#primaryimage\"},\"thumbnailUrl\":\"https:\/\/clube.playgroundgrid.com\/wp-content\/uploads\/2022\/03\/277469035_3219121768365147_1364517998661727030_n.png\",\"datePublished\":\"2020-04-08T19:16:52+00:00\",\"dateModified\":\"2023-01-18T14:22:59+00:00\",\"breadcrumb\":{\"@id\":\"https:\/\/clube.playgroundgrid.com\/sobre-nos\/#breadcrumb\"},\"inLanguage\":\"en-US\",\"potentialAction\":[{\"@type\":\"ReadAction\",\"target\":[\"https:\/\/clube.playgroundgrid.com\/sobre-nos\/\"]}]},{\"@type\":\"ImageObject\",\"inLanguage\":\"en-US\",\"@id\":\"https:\/\/clube.playgroundgrid.com\/sobre-nos\/#primaryimage\",\"url\":\"https:\/\/clube.playgroundgrid.com\/wp-content\/uploads\/2022\/03\/277469035_3219121768365147_1364517998661727030_n.png\",\"contentUrl\":\"https:\/\/clube.playgroundgrid.com\/wp-content\/uploads\/2022\/03\/277469035_3219121768365147_1364517998661727030_n.png\"},{\"@type\":\"BreadcrumbList\",\"@id\":\"https:\/\/clube.playgroundgrid.com\/sobre-nos\/#breadcrumb\",\"itemListElement\":[{\"@type\":\"ListItem\",\"position\":1,\"name\":\"Home\",\"item\":\"https:\/\/clube.playgroundgrid.com\/\"},{\"@type\":\"ListItem\",\"position\":2,\"name\":\"Sobre N\u00f3s\"}]},{\"@type\":\"WebSite\",\"@id\":\"https:\/\/clube.playgroundgrid.com\/#website\",\"url\":\"https:\/\/clube.playgroundgrid.com\/\",\"name\":\"Clube de Vagas\",\"description\":\"O lugar certo para sua carreira\",\"publisher\":{\"@id\":\"https:\/\/clube.playgroundgrid.com\/#organization\"},\"potentialAction\":[{\"@type\":\"SearchAction\",\"target\":{\"@type\":\"EntryPoint\",\"urlTemplate\":\"https:\/\/clube.playgroundgrid.com\/?s={search_term_string}\"},\"query-input\":{\"@type\":\"PropertyValueSpecification\",\"valueRequired\":true,\"valueName\":\"search_term_string\"}}],\"inLanguage\":\"en-US\"},{\"@type\":\"Organization\",\"@id\":\"https:\/\/clube.playgroundgrid.com\/#organization\",\"name\":\"Clube de Vagas\",\"url\":\"https:\/\/clube.playgroundgrid.com\/\",\"logo\":{\"@type\":\"ImageObject\",\"inLanguage\":\"en-US\",\"@id\":\"https:\/\/clube.playgroundgrid.com\/#\/schema\/logo\/image\/\",\"url\":\"https:\/\/clube.playgroundgrid.com\/wp-content\/uploads\/2022\/03\/Design-sem-nome-39.png\",\"contentUrl\":\"https:\/\/clube.playgroundgrid.com\/wp-content\/uploads\/2022\/03\/Design-sem-nome-39.png\",\"width\":215,\"height\":60,\"caption\":\"Clube de Vagas\"},\"image\":{\"@id\":\"https:\/\/clube.playgroundgrid.com\/#\/schema\/logo\/image\/\"}}]}<\/script>\n<!-- \/ Yoast SEO plugin. -->","yoast_head_json":{"title":"Sobre N\u00f3s - Clube de Vagas","robots":{"index":"index","follow":"follow","max-snippet":"max-snippet:-1","max-image-preview":"max-image-preview:large","max-video-preview":"max-video-preview:-1"},"canonical":"https:\/\/clube.playgroundgrid.com\/en\/sobre-nos\/","og_locale":"en_US","og_type":"article","og_title":"Sobre N\u00f3s - Clube de Vagas","og_description":"O &#8220;CLUBE DE VAGAS&#8221; \u00e9 um site n\u00e3o oficial e sem liga\u00e7\u00e3o direta com o sistema &#8220;S&#8221; ou qualquer outra institui\u00e7\u00e3o ou empresa aqui citada. A nossa miss\u00e3o \u00e9 reunir informa\u00e7\u00f5es sobre os cursos, vagas de emprego, jovem aprendiz e est\u00e1gios espalhados pelo Brasil. Somos um site jornal\u00edstico, com intuito de informar bem e sempre [&hellip;]","og_url":"https:\/\/clube.playgroundgrid.com\/en\/sobre-nos\/","og_site_name":"Clube de Vagas","article_modified_time":"2023-01-18T14:22:59+00:00","og_image":[{"url":"https:\/\/clube.playgroundgrid.com\/wp-content\/uploads\/2022\/03\/277469035_3219121768365147_1364517998661727030_n.png"}],"twitter_card":"summary_large_image","schema":{"@context":"https:\/\/schema.org","@graph":[{"@type":"WebPage","@id":"https:\/\/clube.playgroundgrid.com\/sobre-nos\/","url":"https:\/\/clube.playgroundgrid.com\/sobre-nos\/","name":"Sobre N\u00f3s - Clube de Vagas","isPartOf":{"@id":"https:\/\/clube.playgroundgrid.com\/#website"},"primaryImageOfPage":{"@id":"https:\/\/clube.playgroundgrid.com\/sobre-nos\/#primaryimage"},"image":{"@id":"https:\/\/clube.playgroundgrid.com\/sobre-nos\/#primaryimage"},"thumbnailUrl":"https:\/\/clube.playgroundgrid.com\/wp-content\/uploads\/2022\/03\/277469035_3219121768365147_1364517998661727030_n.png","datePublished":"2020-04-08T19:16:52+00:00","dateModified":"2023-01-18T14:22:59+00:00","breadcrumb":{"@id":"https:\/\/clube.playgroundgrid.com\/sobre-nos\/#breadcrumb"},"inLanguage":"en-US","potentialAction":[{"@type":"ReadAction","target":["https:\/\/clube.playgroundgrid.com\/sobre-nos\/"]}]},{"@type":"ImageObject","inLanguage":"en-US","@id":"https:\/\/clube.playgroundgrid.com\/sobre-nos\/#primaryimage","url":"https:\/\/clube.playgroundgrid.com\/wp-content\/uploads\/2022\/03\/277469035_3219121768365147_1364517998661727030_n.png","contentUrl":"https:\/\/clube.playgroundgrid.com\/wp-content\/uploads\/2022\/03\/277469035_3219121768365147_1364517998661727030_n.png"},{"@type":"BreadcrumbList","@id":"https:\/\/clube.playgroundgrid.com\/sobre-nos\/#breadcrumb","itemListElement":[{"@type":"ListItem","position":1,"name":"Home","item":"https:\/\/clube.playgroundgrid.com\/"},{"@type":"ListItem","position":2,"name":"Sobre N\u00f3s"}]},{"@type":"WebSite","@id":"https:\/\/clube.playgroundgrid.com\/#website","url":"https:\/\/clube.playgroundgrid.com\/","name":"Clube de Vagas","description":"O lugar certo para sua carreira","publisher":{"@id":"https:\/\/clube.playgroundgrid.com\/#organization"},"potentialAction":[{"@type":"SearchAction","target":{"@type":"EntryPoint","urlTemplate":"https:\/\/clube.playgroundgrid.com\/?s={search_term_string}"},"query-input":{"@type":"PropertyValueSpecification","valueRequired":true,"valueName":"search_term_string"}}],"inLanguage":"en-US"},{"@type":"Organization","@id":"https:\/\/clube.playgroundgrid.com\/#organization","name":"Clube de Vagas","url":"https:\/\/clube.playgroundgrid.com\/","logo":{"@type":"ImageObject","inLanguage":"en-US","@id":"https:\/\/clube.playgroundgrid.com\/#\/schema\/logo\/image\/","url":"https:\/\/clube.playgroundgrid.com\/wp-content\/uploads\/2022\/03\/Design-sem-nome-39.png","contentUrl":"https:\/\/clube.playgroundgrid.com\/wp-content\/uploads\/2022\/03\/Design-sem-nome-39.png","width":215,"height":60,"caption":"Clube de Vagas"},"image":{"@id":"https:\/\/clube.playgroundgrid.com\/#\/schema\/logo\/image\/"}}]}},"_links":{"self":[{"href":"https:\/\/clube.playgroundgrid.com\/en\/wp-json\/wp\/v2\/pages\/1567","targetHints":{"allow":["GET"]}}],"collection":[{"href":"https:\/\/clube.playgroundgrid.com\/en\/wp-json\/wp\/v2\/pages"}],"about":[{"href":"https:\/\/clube.playgroundgrid.com\/en\/wp-json\/wp\/v2\/types\/page"}],"author":[{"embeddable":true,"href":"https:\/\/clube.playgroundgrid.com\/en\/wp-json\/wp\/v2\/users\/1"}],"replies":[{"embeddable":true,"href":"https:\/\/clube.playgroundgrid.com\/en\/wp-json\/wp\/v2\/comments?post=1567"}],"version-history":[{"count":0,"href":"https:\/\/clube.playgroundgrid.com\/en\/wp-json\/wp\/v2\/pages\/1567\/revisions"}],"wp:attachment":[{"href":"https:\/\/clube.playgroundgrid.com\/en\/wp-json\/wp\/v2\/media?parent=1567"}],"curies":[{"name":"wp","href":"https:\/\/api.w.org\/{rel}","templated":true}]}}