{"id":5701,"date":"2023-05-10T01:05:07","date_gmt":"2023-05-10T04:05:07","guid":{"rendered":"https:\/\/clube.playgroundgrid.com\/?page_id=5701"},"modified":"2023-05-10T01:05:07","modified_gmt":"2023-05-10T04:05:07","slug":"como-parar-de-receber-mensagens-do-clube-de-vagas-cancelar-notificacoes-e-emails","status":"publish","type":"page","link":"https:\/\/clube.playgroundgrid.com\/de\/como-parar-de-receber-mensagens-do-clube-de-vagas-cancelar-notificacoes-e-emails\/","title":{"rendered":"So stoppen Sie den Empfang von Jobs Club-Nachrichten: Stornieren Sie Benachrichtigungen und E-Mails"},"content":{"rendered":"<h2 class=\"wp-block-heading\">So deaktivieren Sie unsere Jobs Club-E-Mail-Benachrichtigungen<\/h2>\r\n\r\n\r\nWir nutzen eine Plattform namens <strong>ActiveCampaign<\/strong> um unseren Benutzern E-Mails mit relevanten und aktuellen Inhalten auf unserem Portal zu senden. Wenn Sie E-Mails von uns erhalten, liegt das daran, dass Sie sich irgendwann f\u00fcr den Erhalt dieser Mitteilungen entschieden haben. Schritt f\u00fcr Schritt zum Abbestellen von E-Mail-Benachrichtigungen. Wenn Sie unsere E-Mails nicht mehr erhalten m\u00f6chten, f\u00fchren Sie die folgenden Schritte aus:\r\n\r\n\r\n<ol class=\"wp-block-list\">\r\n \t<li>\u00d6ffnen Sie eine von uns erhaltene E-Mail.<\/li>\r\n\r\n \t<li>Scrollen Sie zum Ende der E-Mail und finden Sie den Link \u201eAbbestellen\u201c oder \u201eAbbestellen\u201c.<\/li>\r\n\r\n \t<li>Klicken Sie auf den Link und Sie werden zu einer Seite weitergeleitet, auf der Sie die L\u00f6schung Ihrer Registrierung best\u00e4tigen k\u00f6nnen.<\/li>\r\n\r\n \t<li>Best\u00e4tigen Sie die L\u00f6schung Ihres Abonnements und fertig. Sie erhalten keine E-Mails mehr, die \u00fcber unser Content-Portal gesendet werden.<\/li>\r\n<\/ol>\r\n\r\n<h2 class=\"wp-block-heading\">So stornieren Sie unsere vom Clube de Vagas an mein Mobiltelefon gesendeten Push-Benachrichtigungen<\/h2>\r\n\r\n\r\nPer Push senden wir Benachrichtigungen an Browser und Mobilger\u00e4te. Wir nutzen die Pushnews-Plattform, um Benachrichtigungen \u00fcber aktuelle und relevante Inhalte zu versenden. Wenn Sie Push-Benachrichtigungen von Pushnews erhalten, liegt das daran, dass Sie sich irgendwann auf unserer Website daf\u00fcr entschieden haben, diese zu erhalten. Schritt f\u00fcr Schritt zum Abbestellen von Push-Benachrichtigungen von Pushnews. Wenn Sie unsere von Pushnews an unser Content-Portal gesendeten Push-Benachrichtigungen nicht mehr erhalten m\u00f6chten, befolgen Sie bitte die folgenden Schritte:\r\n\r\n\r\n<ol class=\"wp-block-list\">\r\n \t<li>\u00d6ffnen Sie eine von Pushnews erhaltene Push-Benachrichtigung.<\/li>\r\n\r\n \t<li>Klicken Sie auf das Zahnrad- oder Einstellungssymbol (kann je nach Ger\u00e4t variieren), um die Benachrichtigungseinstellungen zu \u00f6ffnen.<\/li>\r\n\r\n \t<li>Deaktivieren Sie die Option \u201eBenachrichtigungen zulassen\u201c oder \u201eBenachrichtigungen empfangen\u201c.<\/li>\r\n\r\n \t<li>Das war&#039;s, Sie erhalten unsere von Pushnews versendeten Push-Benachrichtigungen nicht mehr.<\/li>\r\n<\/ol>","protected":false},"excerpt":{"rendered":"<p>Como cancelar nossas notifica\u00e7\u00f5es de email do Clube de Vagas Utilizamos uma plataforma chamada ActiveCampaign para enviar e-mails para nossos usu\u00e1rios com conte\u00fados relevantes e recentes em nosso portal. Se voc\u00ea est\u00e1 recebendo nossos e-mails \u00e9 porque optou por receber essas comunica\u00e7\u00f5es em algum momento. Passo a passo para cancelar notifica\u00e7\u00f5es de e-mail. Se voc\u00ea [&hellip;]<\/p>","protected":false},"author":12,"featured_media":5698,"parent":0,"menu_order":0,"comment_status":"closed","ping_status":"closed","template":"","meta":{"_acf_changed":false,"footnotes":""},"class_list":["post-5701","page","type-page","status-publish","has-post-thumbnail","hentry"],"acf":[],"yoast_head":"<!-- This site is optimized with the Yoast SEO plugin v23.7 - https:\/\/yoast.com\/wordpress\/plugins\/seo\/ -->\n<title>Como Parar de Receber Mensagens do Clube de Vagas: Cancelar Notifica\u00e7\u00f5es e Emails<\/title>\n<meta name=\"description\" content=\"N\u00e3o quer mais receber mensagens do Clube de Vagas? Ent\u00e3o, confira aqui um passo a passo completo de como cancelar notifica\u00e7\u00f5es!\" \/>\n<meta name=\"robots\" content=\"index, follow, max-snippet:-1, max-image-preview:large, max-video-preview:-1\" \/>\n<link rel=\"canonical\" href=\"https:\/\/clube.playgroundgrid.com\/de\/como-parar-de-receber-mensagens-do-clube-de-vagas-cancelar-notificacoes-e-emails\/\" \/>\n<meta property=\"og:locale\" content=\"de_DE\" \/>\n<meta property=\"og:type\" content=\"article\" \/>\n<meta property=\"og:title\" content=\"Como Parar de Receber Mensagens do Clube de Vagas: Cancelar Notifica\u00e7\u00f5es e Emails\" \/>\n<meta property=\"og:description\" content=\"N\u00e3o quer mais receber mensagens do Clube de Vagas? Ent\u00e3o, confira aqui um passo a passo completo de como cancelar notifica\u00e7\u00f5es!\" \/>\n<meta property=\"og:url\" content=\"https:\/\/clube.playgroundgrid.com\/de\/como-parar-de-receber-mensagens-do-clube-de-vagas-cancelar-notificacoes-e-emails\/\" \/>\n<meta property=\"og:site_name\" content=\"Clube de Vagas\" \/>\n<meta property=\"og:image\" content=\"https:\/\/clube.playgroundgrid.com\/wp-content\/uploads\/2023\/05\/cancelar-notificacoes-creditavel.png\" \/>\n\t<meta property=\"og:image:width\" content=\"1200\" \/>\n\t<meta property=\"og:image:height\" content=\"630\" \/>\n\t<meta property=\"og:image:type\" content=\"image\/png\" \/>\n<meta name=\"twitter:card\" content=\"summary_large_image\" \/>\n<script type=\"application\/ld+json\" class=\"yoast-schema-graph\">{\"@context\":\"https:\/\/schema.org\",\"@graph\":[{\"@type\":\"WebPage\",\"@id\":\"https:\/\/clube.playgroundgrid.com\/como-parar-de-receber-mensagens-do-clube-de-vagas-cancelar-notificacoes-e-emails\/\",\"url\":\"https:\/\/clube.playgroundgrid.com\/como-parar-de-receber-mensagens-do-clube-de-vagas-cancelar-notificacoes-e-emails\/\",\"name\":\"Como Parar de Receber Mensagens do Clube de Vagas: Cancelar Notifica\u00e7\u00f5es e Emails\",\"isPartOf\":{\"@id\":\"https:\/\/clube.playgroundgrid.com\/#website\"},\"primaryImageOfPage\":{\"@id\":\"https:\/\/clube.playgroundgrid.com\/como-parar-de-receber-mensagens-do-clube-de-vagas-cancelar-notificacoes-e-emails\/#primaryimage\"},\"image\":{\"@id\":\"https:\/\/clube.playgroundgrid.com\/como-parar-de-receber-mensagens-do-clube-de-vagas-cancelar-notificacoes-e-emails\/#primaryimage\"},\"thumbnailUrl\":\"https:\/\/clube.playgroundgrid.com\/wp-content\/uploads\/2023\/05\/cancelar-notificacoes-creditavel.png\",\"datePublished\":\"2023-05-10T04:05:07+00:00\",\"dateModified\":\"2023-05-10T04:05:07+00:00\",\"description\":\"N\u00e3o quer mais receber mensagens do Clube de Vagas? Ent\u00e3o, confira aqui um passo a passo completo de como cancelar notifica\u00e7\u00f5es!\",\"breadcrumb\":{\"@id\":\"https:\/\/clube.playgroundgrid.com\/como-parar-de-receber-mensagens-do-clube-de-vagas-cancelar-notificacoes-e-emails\/#breadcrumb\"},\"inLanguage\":\"de\",\"potentialAction\":[{\"@type\":\"ReadAction\",\"target\":[\"https:\/\/clube.playgroundgrid.com\/como-parar-de-receber-mensagens-do-clube-de-vagas-cancelar-notificacoes-e-emails\/\"]}]},{\"@type\":\"ImageObject\",\"inLanguage\":\"de\",\"@id\":\"https:\/\/clube.playgroundgrid.com\/como-parar-de-receber-mensagens-do-clube-de-vagas-cancelar-notificacoes-e-emails\/#primaryimage\",\"url\":\"https:\/\/clube.playgroundgrid.com\/wp-content\/uploads\/2023\/05\/cancelar-notificacoes-creditavel.png\",\"contentUrl\":\"https:\/\/clube.playgroundgrid.com\/wp-content\/uploads\/2023\/05\/cancelar-notificacoes-creditavel.png\",\"width\":1200,\"height\":630},{\"@type\":\"BreadcrumbList\",\"@id\":\"https:\/\/clube.playgroundgrid.com\/como-parar-de-receber-mensagens-do-clube-de-vagas-cancelar-notificacoes-e-emails\/#breadcrumb\",\"itemListElement\":[{\"@type\":\"ListItem\",\"position\":1,\"name\":\"Home\",\"item\":\"https:\/\/clube.playgroundgrid.com\/\"},{\"@type\":\"ListItem\",\"position\":2,\"name\":\"Como Parar de Receber Mensagens do Clube de Vagas: Cancelar Notifica\u00e7\u00f5es e Emails\"}]},{\"@type\":\"WebSite\",\"@id\":\"https:\/\/clube.playgroundgrid.com\/#website\",\"url\":\"https:\/\/clube.playgroundgrid.com\/\",\"name\":\"Clube de Vagas\",\"description\":\"O lugar certo para sua carreira\",\"publisher\":{\"@id\":\"https:\/\/clube.playgroundgrid.com\/#organization\"},\"potentialAction\":[{\"@type\":\"SearchAction\",\"target\":{\"@type\":\"EntryPoint\",\"urlTemplate\":\"https:\/\/clube.playgroundgrid.com\/?s={search_term_string}\"},\"query-input\":{\"@type\":\"PropertyValueSpecification\",\"valueRequired\":true,\"valueName\":\"search_term_string\"}}],\"inLanguage\":\"de\"},{\"@type\":\"Organization\",\"@id\":\"https:\/\/clube.playgroundgrid.com\/#organization\",\"name\":\"Clube de Vagas\",\"url\":\"https:\/\/clube.playgroundgrid.com\/\",\"logo\":{\"@type\":\"ImageObject\",\"inLanguage\":\"de\",\"@id\":\"https:\/\/clube.playgroundgrid.com\/#\/schema\/logo\/image\/\",\"url\":\"https:\/\/clube.playgroundgrid.com\/wp-content\/uploads\/2022\/03\/Design-sem-nome-39.png\",\"contentUrl\":\"https:\/\/clube.playgroundgrid.com\/wp-content\/uploads\/2022\/03\/Design-sem-nome-39.png\",\"width\":215,\"height\":60,\"caption\":\"Clube de Vagas\"},\"image\":{\"@id\":\"https:\/\/clube.playgroundgrid.com\/#\/schema\/logo\/image\/\"}}]}<\/script>\n<!-- \/ Yoast SEO plugin. -->","yoast_head_json":{"title":"Como Parar de Receber Mensagens do Clube de Vagas: Cancelar Notifica\u00e7\u00f5es e Emails","description":"N\u00e3o quer mais receber mensagens do Clube de Vagas? Ent\u00e3o, confira aqui um passo a passo completo de como cancelar notifica\u00e7\u00f5es!","robots":{"index":"index","follow":"follow","max-snippet":"max-snippet:-1","max-image-preview":"max-image-preview:large","max-video-preview":"max-video-preview:-1"},"canonical":"https:\/\/clube.playgroundgrid.com\/de\/como-parar-de-receber-mensagens-do-clube-de-vagas-cancelar-notificacoes-e-emails\/","og_locale":"de_DE","og_type":"article","og_title":"Como Parar de Receber Mensagens do Clube de Vagas: Cancelar Notifica\u00e7\u00f5es e Emails","og_description":"N\u00e3o quer mais receber mensagens do Clube de Vagas? Ent\u00e3o, confira aqui um passo a passo completo de como cancelar notifica\u00e7\u00f5es!","og_url":"https:\/\/clube.playgroundgrid.com\/de\/como-parar-de-receber-mensagens-do-clube-de-vagas-cancelar-notificacoes-e-emails\/","og_site_name":"Clube de Vagas","og_image":[{"width":1200,"height":630,"url":"https:\/\/clube.playgroundgrid.com\/wp-content\/uploads\/2023\/05\/cancelar-notificacoes-creditavel.png","type":"image\/png"}],"twitter_card":"summary_large_image","schema":{"@context":"https:\/\/schema.org","@graph":[{"@type":"WebPage","@id":"https:\/\/clube.playgroundgrid.com\/como-parar-de-receber-mensagens-do-clube-de-vagas-cancelar-notificacoes-e-emails\/","url":"https:\/\/clube.playgroundgrid.com\/como-parar-de-receber-mensagens-do-clube-de-vagas-cancelar-notificacoes-e-emails\/","name":"Como Parar de Receber Mensagens do Clube de Vagas: Cancelar Notifica\u00e7\u00f5es e Emails","isPartOf":{"@id":"https:\/\/clube.playgroundgrid.com\/#website"},"primaryImageOfPage":{"@id":"https:\/\/clube.playgroundgrid.com\/como-parar-de-receber-mensagens-do-clube-de-vagas-cancelar-notificacoes-e-emails\/#primaryimage"},"image":{"@id":"https:\/\/clube.playgroundgrid.com\/como-parar-de-receber-mensagens-do-clube-de-vagas-cancelar-notificacoes-e-emails\/#primaryimage"},"thumbnailUrl":"https:\/\/clube.playgroundgrid.com\/wp-content\/uploads\/2023\/05\/cancelar-notificacoes-creditavel.png","datePublished":"2023-05-10T04:05:07+00:00","dateModified":"2023-05-10T04:05:07+00:00","description":"N\u00e3o quer mais receber mensagens do Clube de Vagas? Ent\u00e3o, confira aqui um passo a passo completo de como cancelar notifica\u00e7\u00f5es!","breadcrumb":{"@id":"https:\/\/clube.playgroundgrid.com\/como-parar-de-receber-mensagens-do-clube-de-vagas-cancelar-notificacoes-e-emails\/#breadcrumb"},"inLanguage":"de","potentialAction":[{"@type":"ReadAction","target":["https:\/\/clube.playgroundgrid.com\/como-parar-de-receber-mensagens-do-clube-de-vagas-cancelar-notificacoes-e-emails\/"]}]},{"@type":"ImageObject","inLanguage":"de","@id":"https:\/\/clube.playgroundgrid.com\/como-parar-de-receber-mensagens-do-clube-de-vagas-cancelar-notificacoes-e-emails\/#primaryimage","url":"https:\/\/clube.playgroundgrid.com\/wp-content\/uploads\/2023\/05\/cancelar-notificacoes-creditavel.png","contentUrl":"https:\/\/clube.playgroundgrid.com\/wp-content\/uploads\/2023\/05\/cancelar-notificacoes-creditavel.png","width":1200,"height":630},{"@type":"BreadcrumbList","@id":"https:\/\/clube.playgroundgrid.com\/como-parar-de-receber-mensagens-do-clube-de-vagas-cancelar-notificacoes-e-emails\/#breadcrumb","itemListElement":[{"@type":"ListItem","position":1,"name":"Home","item":"https:\/\/clube.playgroundgrid.com\/"},{"@type":"ListItem","position":2,"name":"Como Parar de Receber Mensagens do Clube de Vagas: Cancelar Notifica\u00e7\u00f5es e Emails"}]},{"@type":"WebSite","@id":"https:\/\/clube.playgroundgrid.com\/#website","url":"https:\/\/clube.playgroundgrid.com\/","name":"Clube de Vagas","description":"O lugar certo para sua carreira","publisher":{"@id":"https:\/\/clube.playgroundgrid.com\/#organization"},"potentialAction":[{"@type":"SearchAction","target":{"@type":"EntryPoint","urlTemplate":"https:\/\/clube.playgroundgrid.com\/?s={search_term_string}"},"query-input":{"@type":"PropertyValueSpecification","valueRequired":true,"valueName":"search_term_string"}}],"inLanguage":"de"},{"@type":"Organization","@id":"https:\/\/clube.playgroundgrid.com\/#organization","name":"Clube de Vagas","url":"https:\/\/clube.playgroundgrid.com\/","logo":{"@type":"ImageObject","inLanguage":"de","@id":"https:\/\/clube.playgroundgrid.com\/#\/schema\/logo\/image\/","url":"https:\/\/clube.playgroundgrid.com\/wp-content\/uploads\/2022\/03\/Design-sem-nome-39.png","contentUrl":"https:\/\/clube.playgroundgrid.com\/wp-content\/uploads\/2022\/03\/Design-sem-nome-39.png","width":215,"height":60,"caption":"Clube de Vagas"},"image":{"@id":"https:\/\/clube.playgroundgrid.com\/#\/schema\/logo\/image\/"}}]}},"_links":{"self":[{"href":"https:\/\/clube.playgroundgrid.com\/de\/wp-json\/wp\/v2\/pages\/5701","targetHints":{"allow":["GET"]}}],"collection":[{"href":"https:\/\/clube.playgroundgrid.com\/de\/wp-json\/wp\/v2\/pages"}],"about":[{"href":"https:\/\/clube.playgroundgrid.com\/de\/wp-json\/wp\/v2\/types\/page"}],"author":[{"embeddable":true,"href":"https:\/\/clube.playgroundgrid.com\/de\/wp-json\/wp\/v2\/users\/12"}],"replies":[{"embeddable":true,"href":"https:\/\/clube.playgroundgrid.com\/de\/wp-json\/wp\/v2\/comments?post=5701"}],"version-history":[{"count":0,"href":"https:\/\/clube.playgroundgrid.com\/de\/wp-json\/wp\/v2\/pages\/5701\/revisions"}],"wp:featuredmedia":[{"embeddable":true,"href":"https:\/\/clube.playgroundgrid.com\/de\/wp-json\/wp\/v2\/media\/5698"}],"wp:attachment":[{"href":"https:\/\/clube.playgroundgrid.com\/de\/wp-json\/wp\/v2\/media?parent=5701"}],"curies":[{"name":"wp","href":"https:\/\/api.w.org\/{rel}","templated":true}]}}