{"id":3,"date":"2018-12-17T12:35:28","date_gmt":"2018-12-17T14:35:28","guid":{"rendered":"https:\/\/clube.playgroundgrid.com\/?page_id=3"},"modified":"2024-02-25T10:08:51","modified_gmt":"2024-02-25T13:08:51","slug":"politica-de-privacidade","status":"publish","type":"page","link":"https:\/\/clube.playgroundgrid.com\/de\/politica-de-privacidade\/","title":{"rendered":"Datenschutzrichtlinie"},"content":{"rendered":"<p><span style=\"font-weight: 400;\">IN ADS DIGITAL, CNPJ <\/span>20.599.776\/0001-87<span style=\"font-weight: 400;\"> , mit Sitz in Travessa do Amorim, Nr. 66, CxPs 145, Bairro do Recife Recife \u2013 PE, CEP: 50.030-070, befasst sich mit den elektronischen Aufzeichnungen und personenbezogenen Daten, die Sie (\u201eInhaber\u201c) bei der Nutzung unserer Website (www.clubedevagas) hinterlassen .com) und die dort verf\u00fcgbaren Dienste (\u201eDienste\u201c) oder die uns auf andere Weise personenbezogene Daten zur Verf\u00fcgung gestellt haben, anhand derer Sie identifiziert werden k\u00f6nnen.<\/span><\/p>\n\n\n\n<p><span style=\"font-weight: 400;\">Diese Datenschutzrichtlinie (\u201eRichtlinie\u201c) regelt auf einfache, transparente und objektive Weise, welche personenbezogenen Daten erhoben werden d\u00fcrfen und wann und auf welche Weise sie verwendet werden d\u00fcrfen.<\/span><\/p>\n\n\n\n<p><span style=\"font-weight: 400;\">Diese Richtlinie richtet sich an IN ADS-Kunden und die breite \u00d6ffentlichkeit, wenn sie auf unsere Website und die darauf verf\u00fcgbaren Dienste zugreifen und diese nutzen, und umfasst die Art und Weise, wie wir Ihre personenbezogenen Daten verarbeiten. Wenn Sie ein Mitarbeiter, Mitarbeiter oder Lieferant, Kunde eines lizenzierten Produkts sind oder an einem bestimmten Projekt oder einer bestimmten Aktivit\u00e4t mit IN ADS teilnehmen, m\u00fcssen Sie die entsprechende Datenschutzerkl\u00e4rung von IN ADS oder der f\u00fcr Ihre Einstellung verantwortlichen Person einholen das Unternehmen, um Ihnen die geltenden Bedingungen zur Verf\u00fcgung zu stellen und Sie \u00fcber Ihre Rechte an Ihren Daten zu informieren.<\/span><\/p>\n\n\n\n<h2 class=\"wp-block-heading\"><b>Wichtige Einstellungen<\/b><\/h2>\n\n\n\n<p><span style=\"font-weight: 400;\">In dieser Datenschutzerkl\u00e4rung \u00fcbernehmen wir f\u00fcr die Begriffe die folgende Bedeutung:<\/span><\/p>\n\n\n\n<p><b>Pers\u00f6nliche Daten: <\/b><span style=\"font-weight: 400;\">Alle Informationen, die sich direkt oder indirekt auf eine identifizierte oder identifizierbare nat\u00fcrliche Person beziehen.<\/span><\/p>\n\n\n\n<p><b>Sensible personenbezogene Daten:<\/b><span style=\"font-weight: 400;\"> Besondere Kategorie personenbezogener Daten in Bezug auf Rasse oder ethnische Herkunft, religi\u00f6se \u00dcberzeugung, politische Meinung, Mitgliedschaft in einer Gewerkschaft oder Organisation religi\u00f6ser, philosophischer oder politischer Art, in Bezug auf Gesundheit oder Sexualleben, genetische oder biometrische Daten in Bezug auf die nat\u00fcrliche Person .<\/span><\/p>\n\n\n\n<p><b>Halter: <\/b><span style=\"font-weight: 400;\">Nat\u00fcrliche Person, auf die sich die personenbezogenen Daten beziehen. F\u00fcr die Zwecke dieser Datenschutzrichtlinie sind Sie der Eigent\u00fcmer.<\/span><\/p>\n\n\n\n<p><b>Behandlung:<\/b><span style=\"font-weight: 400;\"> Jeder Vorgang, der mit personenbezogenen Daten durchgef\u00fchrt wird, wie zum Beispiel: Erhebung, Produktion, Empfang, Klassifizierung, Nutzung, Zugriff, Reproduktion, \u00dcbertragung, Verteilung, Verarbeitung, Archivierung, Speicherung, L\u00f6schung, Auswertung oder Kontrolle von Informationen, \u00c4nderung, Kommunikation, \u00dcbertragung, Verbreitung oder Extraktion.<\/span><\/p>\n\n\n\n<p><b>Anonymisierung:<\/b><span style=\"font-weight: 400;\"> Prozess, bei dem Daten unter Ber\u00fccksichtigung der zum Zeitpunkt der Verarbeitung verf\u00fcgbaren angemessenen technischen Mittel nicht mehr direkt oder indirekt mit einer Person in Verbindung gebracht werden k\u00f6nnen.<\/span><\/p>\n\n\n\n<h2 class=\"wp-block-heading\"><b>Datenerfassung<\/b><\/h2>\n\n\n\n<p><span style=\"font-weight: 400;\">Wir erfassen Informationen \u00fcber Sie, wenn Sie unsere Dienste nutzen. Dar\u00fcber hinaus k\u00f6nnen Dritte Informationen \u00fcber Sie sammeln, wenn Sie unsere Dienste nutzen. Die gesammelten Informationen k\u00f6nnen personenbezogene Daten umfassen oder widerspiegeln, die Sie identifizieren k\u00f6nnen, sowie anonymisierte Daten.<\/span><\/p>\n\n\n\n<p><b>Wenn wir Ihre personenbezogenen Daten erfassen:<\/b><\/p>\n\n\n\n<p><b>Beim Ausf\u00fcllen von Formularen in den Diensten.<\/b><span style=\"font-weight: 400;\">&nbsp; Wenn Sie mit von IN ADS erstelltem Material, beispielsweise einem Fragebogen, interagieren, gew\u00e4hren Sie uns Zugriff auf bestimmte Daten \u00fcber Sie. Sie k\u00f6nnen uns Daten f\u00fcr begrenzte Zwecke senden, einen Fragebogen beantworten; an einer Studie oder Forschung teilnehmen; an Wettbewerben oder Gewinnspielen teilnehmen; oder melden Sie sich an, um Mitteilungen von uns zu erhalten.<\/span><\/p>\n\n\n\n<p><b>F\u00fcr Ihren Kontakt mit uns<\/b><span style=\"font-weight: 400;\">. Wenn Sie IN ADS \u00fcber Ihre Interaktion mit den Servicekan\u00e4len kontaktieren, \u00fcbermitteln Sie uns m\u00f6glicherweise Ihre personenbezogenen Daten. Wenn Sie uns beispielsweise einen herk\u00f6mmlichen Brief senden, geben Sie neben dem Inhalt des Briefes auch Ihre Absenderdaten an. In elektronischen Nachrichten wie E-Mails \u00fcbersenden Sie uns auch die <\/span><i><span style=\"font-weight: 400;\">Metadaten<\/span><\/i><span style=\"font-weight: 400;\"> typisch f\u00fcr diese Form der Kommunikation.<\/span><\/p>\n\n\n\n<p><b>Daten, die wir nicht \u00fcber die Dienste sammeln m\u00f6chten:<\/b><\/p>\n\n\n\n<p><b>Daten von Minderj\u00e4hrigen. <\/b><span style=\"font-weight: 400;\">Wir erfassen wissentlich keine personenbezogenen Daten von minderj\u00e4hrigen oder handlungsunf\u00e4higen Personen. Wenn Sie ein Elternteil oder Erziehungsberechtigter sind und glauben, dass Ihr Kind oder Ihre gesetzlich verantwortliche Person IN ADS ohne Ihre Zustimmung personenbezogene Daten zur Verf\u00fcgung gestellt hat, k\u00f6nnen Sie uns bez\u00fcglich der Existenz dieser Informationen befragen und die L\u00f6schung dieser Informationen beantragen, indem Sie uns unter E-Mail kontaktieren. E-Mail: <\/span><b>contato+cv@incred.digital<\/b><span style=\"font-weight: 400;\">.<\/span><\/p>\n\n\n\n<p><b>Sensible personenbezogene Daten.<\/b><span style=\"font-weight: 400;\"> Wir erfassen \u00fcber unsere Dienste wissentlich keine sensiblen personenbezogenen Daten. Grunds\u00e4tzlich erfordern die in unseren Formularen abgefragten oder f\u00fcr die Kontaktaufnahme jeglicher Art \u00fcber die Dienste erforderlichen Angaben nicht zwingend personenbezogene Daten zur Rasse oder ethnischen Herkunft, zur religi\u00f6sen \u00dcberzeugung, zur politischen Meinung, zur Mitgliedschaft in einer Gewerkschaft oder religi\u00f6sen Organisation philosophischer oder politischer Natur, die sich auf die Gesundheit oder das Sexualleben beziehen, sowie auf genetische oder biometrische Daten der nat\u00fcrlichen Person. In Situationen, in denen Sie uns jedoch freiwillig sensible personenbezogene Daten \u00fcbermitteln, beispielsweise beim Ausf\u00fcllen eines Formulars oder beim Senden einer Nachricht an uns \u00fcber die Servicekan\u00e4le, erkl\u00e4ren Sie sich damit einverstanden, dass wir Ihre sensiblen personenbezogenen Daten verarbeiten d\u00fcrfen.<\/span><\/p>\n\n\n\n<p><b>Automatisch erfasste Daten<\/b><\/p>\n\n\n\n<p><b>Navigationsdaten.<\/b><span style=\"font-weight: 400;\"> Wenn Sie unsere Dienste nutzen, erfassen wir automatisch bestimmte Arten von Daten, unabh\u00e4ngig davon, ob Sie \u00fcber ein Konto verf\u00fcgen. Zu diesen Daten geh\u00f6ren Ihre IP-Adresse, technische Informationen zu Ihrem Ger\u00e4t (Browsertyp, Betriebssystem, grundlegende Ger\u00e4teinformationen, Datum und Uhrzeit Ihrer Anfrage, Geolokalisierung), die Webseite, die Sie besucht haben, oder die Suchanfrage, die Sie eingegeben haben, bevor Sie zu uns kamen, und Ihre Aktivit\u00e4ten. Wir k\u00f6nnen Ihre Aktivit\u00e4ten mithilfe von Cookies und \u00e4hnlichen Technologien verfolgen.<\/span><\/p>\n\n\n\n<h2 class=\"wp-block-heading\"><b>Verwendung von Daten<\/b><\/h2>\n\n\n\n<p><span style=\"font-weight: 400;\">Sie erkl\u00e4ren sich damit einverstanden, dass IN ADS die von Ihnen bereitgestellten personenbezogenen Daten verwenden darf (Art. 7, Inc. I, LGPD):<\/span><\/p>\n\n\n\n<p><b>Kommunikation mit Ihnen: <\/b><span style=\"font-weight: 400;\">Wir nutzen Ihre Daten, wenn wir mit Ihnen kommunizieren, beispielsweise wenn wir Ihnen E-Mails senden. Wir nutzen die von Ihnen zur Verf\u00fcgung gestellten personenbezogenen Daten auch, um Produkte und Dienstleistungen von IN ADS anzubieten.<\/span><\/p>\n\n\n\n<p><b>Betrieb unserer Dienste:<\/b><span style=\"font-weight: 400;\"> Wir nutzen Ihre Daten zur Erbringung unserer Leistungen und zur sonstigen Erf\u00fcllung unserer vertraglichen Pflichten Ihnen gegen\u00fcber.<\/span><\/p>\n\n\n\n<p><b>Verbesserung unserer Dienstleistungen:<\/b><span style=\"font-weight: 400;\"> Wir nutzen Ihre Daten, um zu verstehen, wie unsere Dienste genutzt werden und wie wir sie verbessern k\u00f6nnen. Im Allgemeinen analysieren wir aggregierte Daten und nicht benutzerspezifische Daten. M\u00f6glicherweise m\u00fcssen wir jedoch einen bestimmten Fall analysieren, um ein bestimmtes Problem zu l\u00f6sen, beispielsweise einen Fehler, der nur bestimmte Situationen betrifft.<\/span><\/p>\n\n\n\n<p><b>Personalisierung Ihres Erlebnisses:<\/b><span style=\"font-weight: 400;\"> Wir nutzen Ihre Daten, um den Service f\u00fcr Sie zu personalisieren.<\/span><\/p>\n\n\n\n<p><b>Marketing und Werbung: <\/b><span style=\"font-weight: 400;\">Wir nutzen Ihre Daten, um Ihnen Werbung auf Websites Dritter anzuzeigen. Wir k\u00f6nnen Ihre Daten auch verwenden, um Ihnen Werbung von Drittanbietern zuzusenden.<\/span><\/p>\n\n\n\n<p><span style=\"font-weight: 400;\">IN ADS kann die von Ihnen bereitgestellten personenbezogenen Daten auch verwenden, um (Art. 7, in. II, V, VI und IX, LGPD):<\/span><\/p>\n\n\n\n<p><b>Regelm\u00e4\u00dfige Rechtsaus\u00fcbung:<\/b><span style=\"font-weight: 400;\"> Soweit es vern\u00fcnftigerweise erforderlich ist, verwenden wir Ihre Daten, um unsere gesetzlichen Rechte auszu\u00fcben und einen Missbrauch unseres Dienstes zu verhindern.<\/span><\/p>\n\n\n\n<p><b>Rechtskonformit\u00e4t: <\/b><span style=\"font-weight: 400;\">Wir nutzen Ihre Daten, soweit wir gesetzlich dazu verpflichtet sind. Beispielsweise kann es erforderlich sein, dass wir Ihre Daten erfassen, um auf eine Vorladung oder einen Gerichtsbeschluss zu reagieren.<\/span><\/p>\n\n\n\n<p><b>Schutz Ihrer Daten:<\/b><span style=\"font-weight: 400;\"> Gegebenenfalls k\u00f6nnen wir bestimmte Daten anonymisieren, sichern und l\u00f6schen.<\/span><\/p>\n\n\n\n<h2 class=\"wp-block-heading\"><b>Datenaustausch<\/b><\/h2>\n\n\n\n<p><span style=\"font-weight: 400;\">Sie erkl\u00e4ren sich damit einverstanden, dass IN ADS die von Ihnen bereitgestellten personenbezogenen Daten in allen L\u00e4ndern oder Gebieten f\u00fcr die folgenden Zwecke weitergeben und verarbeiten darf (Art. 7, Inc. I, LGPD):<\/span><\/p>\n\n\n\n<p><b>Autorisierte Lieferanten:<\/b><span style=\"font-weight: 400;\"> Wir k\u00f6nnen Ihre Daten an Drittanbieter weitergeben, die uns beim Betrieb unserer Dienste, der Abwicklung von Bestellungen sowie der Erf\u00fcllung Ihrer Weisungen und vertraglichen Pflichten unterst\u00fctzen. Dazu k\u00f6nnen Zahlungsabwickler, Content Delivery Networks (CDNs), Cloud-basierte Hosting-Dienste, \u00dcberwachungsdienste, E-Mail-Dienstanbieter, Qualit\u00e4tssicherungs- und Testanbieter, Anbieter zur Betrugs- und Missbrauchspr\u00e4vention, Anbieter f\u00fcr Kundenbeziehungsmanagement (CRM) und Versandanbieter geh\u00f6ren.<\/span><\/p>\n\n\n\n<p><b>Werbung:<\/b><span style=\"font-weight: 400;\"> Wir geben Ihre Daten m\u00f6glicherweise an Werbeunternehmen weiter, um Ihnen relevante Werbung anzuzeigen.<\/span><\/p>\n\n\n\n<p><b>Analyse:<\/b><span style=\"font-weight: 400;\"> Wir geben Ihre Daten m\u00f6glicherweise an Analyseanbieter weiter, die uns helfen zu verstehen, wie Kunden unsere Dienste nutzen.<\/span><\/p>\n\n\n\n<p><span style=\"font-weight: 400;\">Wir unternehmen angemessene Anstrengungen, um Anbieter auf ihre Datenschutz- und Datensicherheitspraktiken zu \u00fcberpr\u00fcfen. Wir verlangen von diesen Anbietern, dass sie sich bereit erkl\u00e4ren, die von uns weitergegebenen Daten zu sch\u00fctzen.<\/span><\/p>\n\n\n\n<p><span style=\"font-weight: 400;\">IN ADS kann die von Ihnen bereitgestellten personenbezogenen Daten auch in allen L\u00e4ndern oder Gebieten f\u00fcr die folgenden Zwecke weitergeben und verarbeiten (Art. 7, in. VI, LGPD):<\/span><\/p>\n\n\n\n<p><b>Bestimmte Rechtslagen:<\/b><span style=\"font-weight: 400;\"> Wir k\u00f6nnen Ihre Daten weitergeben, wenn wir der Ansicht sind, dass die Weitergabe zur Erf\u00fcllung einer gesetzlichen Verpflichtung oder im Zusammenhang mit einer Unternehmenstransaktion erforderlich ist.<\/span><\/p>\n\n\n\n<p><span style=\"font-weight: 400;\">Aggregierte oder anonyme Informationen gelten nicht als personenbezogene Daten. Wir k\u00f6nnen aggregierte oder anonyme, nicht personenbezogene Daten, wie z. B. die Anzahl unserer Besucher und registrierten Benutzer, \u00f6ffentlich offenlegen.<\/span><\/p>\n\n\n\n<h2 class=\"wp-block-heading\"><b>Ihre Rechte<\/b><\/h2>\n\n\n\n<p><span style=\"font-weight: 400;\">Sie haben jederzeit das Recht, in Bezug auf Ihre personenbezogenen Daten Folgendes zu verlangen (Art. 18 LGPD):<\/span><\/p>\n\n\n\n<ul class=\"wp-block-list\">\n<li><span style=\"font-weight: 400;\">Best\u00e4tigung des Bestehens einer Behandlung;<\/span><\/li>\n\n\n\n<li><span style=\"font-weight: 400;\">Zugriff auf Daten;<\/span><\/li>\n\n\n\n<li><span style=\"font-weight: 400;\">Korrektur unvollst\u00e4ndiger, unrichtiger oder veralteter Daten;<\/span><\/li>\n\n\n\n<li><span style=\"font-weight: 400;\">Anonymisierung, Sperrung oder L\u00f6schung unn\u00f6tiger oder \u00fcberm\u00e4\u00dfiger Daten;<\/span><\/li>\n\n\n\n<li><span style=\"font-weight: 400;\">\u00dcbertragbarkeit von Daten zu einem anderen Dienst- oder Produktanbieter auf ausdr\u00fccklichen Wunsch gem\u00e4\u00df den Vorschriften der nationalen Beh\u00f6rde und unter Wahrung von Gesch\u00e4fts- und Betriebsgeheimnissen;<\/span><\/li>\n\n\n\n<li><span style=\"font-weight: 400;\">L\u00f6schung der mit Ihrer Einwilligung verarbeiteten personenbezogenen Daten, au\u00dfer in den vorgesehenen F\u00e4llen<\/span><\/li>\n<\/ul>\n\n\n\n<p><span style=\"font-weight: 400;\">Zus\u00e4tzlich zu den gesetzlich vorgeschriebenen F\u00e4llen k\u00f6nnen wir Aufzeichnungen \u00fcber automatisch erfasste Informationen aufbewahren (f\u00fcr interne Analyse- und Sicherheitszwecke).<\/span><\/p>\n\n\n\n<h2 class=\"wp-block-heading\"><b>Schutz Ihrer Daten<\/b><\/h2>\n\n\n\n<p><span style=\"font-weight: 400;\">IN ADS ergreift angemessene administrative, logische, verwaltungstechnische und physische Ma\u00dfnahmen, um Ihre personenbezogenen Daten vor Verlust, Diebstahl und unbefugtem Zugriff, unbefugter Nutzung und \u00c4nderung zu sch\u00fctzen. Diese Ma\u00dfnahmen sollen ein Sicherheitsniveau bieten, das den Risiken der Verarbeitung Ihrer personenbezogenen Daten angemessen ist.<\/span><\/p>\n\n\n\n<p><span style=\"font-weight: 400;\">Trotz dieser Bem\u00fchungen kann kein Informationssystem 100%-sicher sein, daher k\u00f6nnen wir die absolute Sicherheit Ihrer Informationen nicht garantieren. Benutzer m\u00fcssen auch eine Rolle dabei spielen, ihre Daten zu sch\u00fctzen, indem sie r\u00fccksichtsloses und r\u00fccksichtsloses Verhalten vermeiden.<\/span><\/p>\n\n\n\n<h2 class=\"wp-block-heading\"><b>Dienste Dritter<\/b><\/h2>\n\n\n\n<p><span style=\"font-weight: 400;\">Wir k\u00f6nnen Links zu Online-Diensten bereitstellen, die nicht uns geh\u00f6ren und die wir nicht betreiben. Diese Dienste liegen au\u00dferhalb dieser Datenschutzrichtlinie und wir haben keine Kontrolle \u00fcber die von ihnen erfassten Daten. Wenn Sie beispielsweise auf einen Link in einem unserer sozialen Netzwerke klicken, werden Sie m\u00f6glicherweise zur Dienstanbieterumgebung dieses sozialen Netzwerks weitergeleitet. Sobald Sie auf einer Website eines Drittanbieters sind, k\u00f6nnen Ihre Daten von dem Drittanbieter erfasst werden. Wir empfehlen Ihnen, die Datenschutzrichtlinien dieser Dienste zu lesen, bevor Sie sie nutzen.<\/span><\/p>\n\n\n\n<h2 class=\"wp-block-heading\"><b>Kontaktieren Sie uns<\/b><\/h2>\n\n\n\n<p><span style=\"font-weight: 400;\">Um eine Frage zu kl\u00e4ren, eine Anfrage zu stellen oder eines Ihrer Rechte in Bezug auf Ihre personenbezogenen Daten auszu\u00fcben, m\u00fcssen Sie uns unter folgender Adresse kontaktieren:<\/span><\/p>\n\n\n\n<p><b>IN ADS DIGITAL, Travessa do Amorim, Nr. 66, CxPs 145, Bairro do Recife Recife \u2013 PE, CEP: 50.030-070<\/b><\/p>\n\n\n\n<p><b>\u00a0\u00a0\u00a0\u00a0\u00a0<\/b> &#8211; <b>\u00a0contato+cv@incred.digital<\/b><\/p>\n\n\n\n<h2 class=\"wp-block-heading\"><b>\u00c4nderungen der Datenschutzrichtlinie<\/b><\/h2>\n\n\n\n<p><span style=\"font-weight: 400;\">IN ADS beh\u00e4lt sich das Recht vor, seine Datenschutzrichtlinie jederzeit zu \u00e4ndern und wird Sie durch die Aufnahme eines Nachtrags zur Datenschutzrichtlinie auf unserer Website dar\u00fcber informieren. Diese \u00c4nderungen treten am Tag ihrer Ver\u00f6ffentlichung in Kraft.<\/span><\/p>\n\n\n\n<p>&nbsp;<\/p>","protected":false},"excerpt":{"rendered":"<p>A IN ADS DIGITAL, CNPJ 20.599.776\/0001-87 , localizada na Travessa do Amorim, n\u00ba 66, CxPs 145, Bairro do Recife Recife &#8211; PE, CEP: 50.030-070&nbsp; se preocupa com os registros eletr\u00f4nicos e os dados pessoais deixados por voc\u00ea (\u201cTitular\u201d) na utiliza\u00e7\u00e3o do nosso website (www.clubedevagas.com) e servi\u00e7os nele dispon\u00edveis (\u201cServi\u00e7os\u201d) ou que de outra forma tenha [&hellip;]<\/p>","protected":false},"author":1,"featured_media":0,"parent":0,"menu_order":0,"comment_status":"closed","ping_status":"open","template":"","meta":{"_acf_changed":false,"footnotes":""},"class_list":["post-3","page","type-page","status-publish","hentry"],"acf":[],"yoast_head":"<!-- This site is optimized with the Yoast SEO plugin v23.7 - https:\/\/yoast.com\/wordpress\/plugins\/seo\/ -->\n<title>Pol\u00edtica de privacidade - Clube de Vagas<\/title>\n<meta name=\"robots\" content=\"index, follow, max-snippet:-1, max-image-preview:large, max-video-preview:-1\" \/>\n<link rel=\"canonical\" href=\"https:\/\/clube.playgroundgrid.com\/de\/politica-de-privacidade\/\" \/>\n<meta property=\"og:locale\" content=\"de_DE\" \/>\n<meta property=\"og:type\" content=\"article\" \/>\n<meta property=\"og:title\" content=\"Pol\u00edtica de privacidade - Clube de Vagas\" \/>\n<meta property=\"og:description\" content=\"A IN ADS DIGITAL, CNPJ 20.599.776\/0001-87 , localizada na Travessa do Amorim, n\u00ba 66, CxPs 145, Bairro do Recife Recife &#8211; PE, CEP: 50.030-070&nbsp; se preocupa com os registros eletr\u00f4nicos e os dados pessoais deixados por voc\u00ea (\u201cTitular\u201d) na utiliza\u00e7\u00e3o do nosso website (www.clubedevagas.com) e servi\u00e7os nele dispon\u00edveis (\u201cServi\u00e7os\u201d) ou que de outra forma tenha [&hellip;]\" \/>\n<meta property=\"og:url\" content=\"https:\/\/clube.playgroundgrid.com\/de\/politica-de-privacidade\/\" \/>\n<meta property=\"og:site_name\" content=\"Clube de Vagas\" \/>\n<meta property=\"article:modified_time\" content=\"2024-02-25T13:08:51+00:00\" \/>\n<meta name=\"twitter:card\" content=\"summary_large_image\" \/>\n<script type=\"application\/ld+json\" class=\"yoast-schema-graph\">{\"@context\":\"https:\/\/schema.org\",\"@graph\":[{\"@type\":\"WebPage\",\"@id\":\"https:\/\/clube.playgroundgrid.com\/politica-de-privacidade\/\",\"url\":\"https:\/\/clube.playgroundgrid.com\/politica-de-privacidade\/\",\"name\":\"Pol\u00edtica de privacidade - Clube de Vagas\",\"isPartOf\":{\"@id\":\"https:\/\/clube.playgroundgrid.com\/#website\"},\"datePublished\":\"2018-12-17T14:35:28+00:00\",\"dateModified\":\"2024-02-25T13:08:51+00:00\",\"breadcrumb\":{\"@id\":\"https:\/\/clube.playgroundgrid.com\/politica-de-privacidade\/#breadcrumb\"},\"inLanguage\":\"de\",\"potentialAction\":[{\"@type\":\"ReadAction\",\"target\":[\"https:\/\/clube.playgroundgrid.com\/politica-de-privacidade\/\"]}]},{\"@type\":\"BreadcrumbList\",\"@id\":\"https:\/\/clube.playgroundgrid.com\/politica-de-privacidade\/#breadcrumb\",\"itemListElement\":[{\"@type\":\"ListItem\",\"position\":1,\"name\":\"Home\",\"item\":\"https:\/\/clube.playgroundgrid.com\/\"},{\"@type\":\"ListItem\",\"position\":2,\"name\":\"Pol\u00edtica de privacidade\"}]},{\"@type\":\"WebSite\",\"@id\":\"https:\/\/clube.playgroundgrid.com\/#website\",\"url\":\"https:\/\/clube.playgroundgrid.com\/\",\"name\":\"Clube de Vagas\",\"description\":\"O lugar certo para sua carreira\",\"publisher\":{\"@id\":\"https:\/\/clube.playgroundgrid.com\/#organization\"},\"potentialAction\":[{\"@type\":\"SearchAction\",\"target\":{\"@type\":\"EntryPoint\",\"urlTemplate\":\"https:\/\/clube.playgroundgrid.com\/?s={search_term_string}\"},\"query-input\":{\"@type\":\"PropertyValueSpecification\",\"valueRequired\":true,\"valueName\":\"search_term_string\"}}],\"inLanguage\":\"de\"},{\"@type\":\"Organization\",\"@id\":\"https:\/\/clube.playgroundgrid.com\/#organization\",\"name\":\"Clube de Vagas\",\"url\":\"https:\/\/clube.playgroundgrid.com\/\",\"logo\":{\"@type\":\"ImageObject\",\"inLanguage\":\"de\",\"@id\":\"https:\/\/clube.playgroundgrid.com\/#\/schema\/logo\/image\/\",\"url\":\"https:\/\/clube.playgroundgrid.com\/wp-content\/uploads\/2022\/03\/Design-sem-nome-39.png\",\"contentUrl\":\"https:\/\/clube.playgroundgrid.com\/wp-content\/uploads\/2022\/03\/Design-sem-nome-39.png\",\"width\":215,\"height\":60,\"caption\":\"Clube de Vagas\"},\"image\":{\"@id\":\"https:\/\/clube.playgroundgrid.com\/#\/schema\/logo\/image\/\"}}]}<\/script>\n<!-- \/ Yoast SEO plugin. -->","yoast_head_json":{"title":"Pol\u00edtica de privacidade - Clube de Vagas","robots":{"index":"index","follow":"follow","max-snippet":"max-snippet:-1","max-image-preview":"max-image-preview:large","max-video-preview":"max-video-preview:-1"},"canonical":"https:\/\/clube.playgroundgrid.com\/de\/politica-de-privacidade\/","og_locale":"de_DE","og_type":"article","og_title":"Pol\u00edtica de privacidade - Clube de Vagas","og_description":"A IN ADS DIGITAL, CNPJ 20.599.776\/0001-87 , localizada na Travessa do Amorim, n\u00ba 66, CxPs 145, Bairro do Recife Recife &#8211; PE, CEP: 50.030-070&nbsp; se preocupa com os registros eletr\u00f4nicos e os dados pessoais deixados por voc\u00ea (\u201cTitular\u201d) na utiliza\u00e7\u00e3o do nosso website (www.clubedevagas.com) e servi\u00e7os nele dispon\u00edveis (\u201cServi\u00e7os\u201d) ou que de outra forma tenha [&hellip;]","og_url":"https:\/\/clube.playgroundgrid.com\/de\/politica-de-privacidade\/","og_site_name":"Clube de Vagas","article_modified_time":"2024-02-25T13:08:51+00:00","twitter_card":"summary_large_image","schema":{"@context":"https:\/\/schema.org","@graph":[{"@type":"WebPage","@id":"https:\/\/clube.playgroundgrid.com\/politica-de-privacidade\/","url":"https:\/\/clube.playgroundgrid.com\/politica-de-privacidade\/","name":"Pol\u00edtica de privacidade - Clube de Vagas","isPartOf":{"@id":"https:\/\/clube.playgroundgrid.com\/#website"},"datePublished":"2018-12-17T14:35:28+00:00","dateModified":"2024-02-25T13:08:51+00:00","breadcrumb":{"@id":"https:\/\/clube.playgroundgrid.com\/politica-de-privacidade\/#breadcrumb"},"inLanguage":"de","potentialAction":[{"@type":"ReadAction","target":["https:\/\/clube.playgroundgrid.com\/politica-de-privacidade\/"]}]},{"@type":"BreadcrumbList","@id":"https:\/\/clube.playgroundgrid.com\/politica-de-privacidade\/#breadcrumb","itemListElement":[{"@type":"ListItem","position":1,"name":"Home","item":"https:\/\/clube.playgroundgrid.com\/"},{"@type":"ListItem","position":2,"name":"Pol\u00edtica de privacidade"}]},{"@type":"WebSite","@id":"https:\/\/clube.playgroundgrid.com\/#website","url":"https:\/\/clube.playgroundgrid.com\/","name":"Clube de Vagas","description":"O lugar certo para sua carreira","publisher":{"@id":"https:\/\/clube.playgroundgrid.com\/#organization"},"potentialAction":[{"@type":"SearchAction","target":{"@type":"EntryPoint","urlTemplate":"https:\/\/clube.playgroundgrid.com\/?s={search_term_string}"},"query-input":{"@type":"PropertyValueSpecification","valueRequired":true,"valueName":"search_term_string"}}],"inLanguage":"de"},{"@type":"Organization","@id":"https:\/\/clube.playgroundgrid.com\/#organization","name":"Clube de Vagas","url":"https:\/\/clube.playgroundgrid.com\/","logo":{"@type":"ImageObject","inLanguage":"de","@id":"https:\/\/clube.playgroundgrid.com\/#\/schema\/logo\/image\/","url":"https:\/\/clube.playgroundgrid.com\/wp-content\/uploads\/2022\/03\/Design-sem-nome-39.png","contentUrl":"https:\/\/clube.playgroundgrid.com\/wp-content\/uploads\/2022\/03\/Design-sem-nome-39.png","width":215,"height":60,"caption":"Clube de Vagas"},"image":{"@id":"https:\/\/clube.playgroundgrid.com\/#\/schema\/logo\/image\/"}}]}},"_links":{"self":[{"href":"https:\/\/clube.playgroundgrid.com\/de\/wp-json\/wp\/v2\/pages\/3","targetHints":{"allow":["GET"]}}],"collection":[{"href":"https:\/\/clube.playgroundgrid.com\/de\/wp-json\/wp\/v2\/pages"}],"about":[{"href":"https:\/\/clube.playgroundgrid.com\/de\/wp-json\/wp\/v2\/types\/page"}],"author":[{"embeddable":true,"href":"https:\/\/clube.playgroundgrid.com\/de\/wp-json\/wp\/v2\/users\/1"}],"replies":[{"embeddable":true,"href":"https:\/\/clube.playgroundgrid.com\/de\/wp-json\/wp\/v2\/comments?post=3"}],"version-history":[{"count":0,"href":"https:\/\/clube.playgroundgrid.com\/de\/wp-json\/wp\/v2\/pages\/3\/revisions"}],"wp:attachment":[{"href":"https:\/\/clube.playgroundgrid.com\/de\/wp-json\/wp\/v2\/media?parent=3"}],"curies":[{"name":"wp","href":"https:\/\/api.w.org\/{rel}","templated":true}]}}