{"id":1722,"date":"2022-03-31T17:58:48","date_gmt":"2022-03-31T20:58:48","guid":{"rendered":"https:\/\/clube.playgroundgrid.com\/?page_id=1722"},"modified":"2024-02-25T10:09:10","modified_gmt":"2024-02-25T13:09:10","slug":"termos-de-uso","status":"publish","type":"page","link":"https:\/\/clube.playgroundgrid.com\/de\/termos-de-uso\/","title":{"rendered":"Nutzungsbedingungen"},"content":{"rendered":"<p>CLUBE DE VAGAS ist eine Website, die sich auf die Erstellung von Inhalten mit informativen Funktionen und die Analyse verschiedener Produkte\/Dienste (Anwendungen, Websites, Regierungsprogramme) spezialisiert hat, die von verschiedenen Unternehmen (staatliche und nichtstaatliche Institutionen, andere Unternehmen) bereitgestellt werden und Inhalte mit dem Ziel anbieten: um den Benutzer \u00fcber das Produkt zu informieren, das seinen Bed\u00fcrfnissen am besten entspricht (\u201eVACANCY CLUB\u201c).<\/p>\n\n\n\n<p>Diese Allgemeinen Nutzungsbedingungen stehen dem Nutzer jederzeit unter der Adresse zur Verf\u00fcgung: <a href=\"https:\/\/clube.playgroundgrid.com\/de\/termos-de-uso\/\">https:\/\/clube.playgroundgrid.com\/termos-de-uso<\/a> und die Bestimmungen der Datenschutzrichtlinie von CLUBE DE VAGAS, verf\u00fcgbar unter: <a href=\"https:\/\/clube.playgroundgrid.com\/de\/politica-de-privacidade\/\">https:\/\/CLUBEDEVAGAS.com\/politica-de-privacidade<\/a>sowie die aktuelle Gesetzgebung.<\/p>\n\n\n\n<p>Daher zielen die Allgemeinen Nutzungsbedingungen darauf ab, die Verantwortlichkeiten, Pflichten und Pflichten jedes Benutzers beim Zugriff auf und\/oder bei der Nutzung des VACANCY CLUB zu kl\u00e4ren, wie in den folgenden Punkten beschrieben.<\/p>\n\n\n\n<h3 class=\"wp-block-heading\"><strong>1. DEFINITIONEN<\/strong><\/h3>\n\n\n\n<p>1.1. Im Sinne dieser Allgemeinen Nutzungsbedingungen:<\/p>\n\n\n\n<p>Benutzer: jede nat\u00fcrliche oder juristische Person, die auf beliebige Weise auf die Daten zugreift oder diese nutzt, einschlie\u00dflich Mobilger\u00e4ten, Mobiltelefonen, Tablets, PCs, Internetbrowsern und anderen m\u00f6glicherweise entwickelten Zugriffsmitteln.<\/p>\n\n\n\n<h3 class=\"wp-block-heading\"><strong>2. ANNAHME<\/strong><\/h3>\n\n\n\n<p>2.1. Beim Zugriff auf CLUBE DE VAGAS erkl\u00e4rt der Benutzer, auf welche Weise auch immer, die Allgemeinen Nutzungsbedingungen und die Datenschutzrichtlinie von CLUBE DE VAGAS gelesen zu haben und ihnen zuzustimmen.<\/p>\n\n\n\n<p>2.2. Durch den Zugriff auf und\/oder die Nutzung der CLUBE DE VAGAS-Website erkl\u00e4rt der Nutzer, mindestens 18 (achtzehn) Jahre alt zu sein und die Bedingungen dieser Nutzungsbedingungen f\u00fcr alle rechtlichen Zwecke uneingeschr\u00e4nkt und ausdr\u00fccklich zu akzeptieren.<\/p>\n\n\n\n<p>2.3. Wenn der Benutzer nicht mit der obigen Beschreibung \u00fcbereinstimmt und\/oder mit den in diesen Nutzungsbedingungen enthaltenen Bedingungen nicht einverstanden ist, auch nicht teilweise, sollte er nicht auf die von CLUBE DE angebotenen Dienste zugreifen und\/oder sie nutzen VAGAS sowie die von ihr betriebenen Websites und Dienste.<\/p>\n\n\n\n<h3 class=\"wp-block-heading\"><strong>3. KONTAKTIEREN SIE UNS<\/strong><\/h3>\n\n\n\n<p>3.1. Der Benutzer nutzt diesen Service, um alle seine Zweifel auszur\u00e4umen, etwaige Probleme zu l\u00f6sen und Beschwerden oder andere Informationen \u00fcber die im CLUBE DE VAGAS verf\u00fcgbaren Produkte\/Dienstleistungen einzureichen.<\/p>\n\n\n\n<p>3.2. \u201eKontakt\u201c kann aktiviert werden, indem Sie eine E-Mail an contato+cv@incred.digital senden<\/p>\n\n\n\n<h3 class=\"wp-block-heading\"><strong>4. VERANTWORTLICHKEITEN<\/strong><\/h3>\n\n\n\n<p>4.1. Der Benutzer muss alle in diesen Nutzungsbedingungen und der Datenschutzrichtlinie (www.CLUBEDEVAGAS.com.br\/politica-de-privacy) enthaltenen Klauseln sorgf\u00e4ltig lesen, wenn er die bei CLUBE DE VAGAS verf\u00fcgbaren Dienste und\/oder Produkte nutzt stimmen Sie allen Klauseln und Bedingungen dieser Nutzungsbedingungen und der Datenschutzrichtlinie voll und ganz zu.<\/p>\n\n\n\n<p>4.2. CLUBE DE VAGAS stellt Links bereit und\/oder leitet den Benutzer zu anderen Websites weiter, auf denen der Benutzer ohne jegliche Einmischung seitens CLUBE DE VAGAS Dienstleistungen in Anspruch nehmen und\/oder Produkte von den jeweiligen Unternehmen kaufen kann.<\/p>\n\n\n\n<p>4.3. Sofern der Nutzer auf die Website-Seite des auf der Website beworbenen Unternehmens weitergeleitet wird, muss der Nutzer die Nutzungsbedingungen und Datenschutzbestimmungen des beworbenen Unternehmens sorgf\u00e4ltig lesen und ihnen ausdr\u00fccklich zustimmen.<\/p>\n\n\n\n<p>4.4. CLUBE DE VAGAS \u00fcbernimmt keine Verantwortung (a) f\u00fcr die allgemeinen Nutzungsbedingungen und Datenschutzrichtlinien der beworbenen Unternehmen; (b) Informationen \u00fcber beworbene Dienstleistungen und\/oder Produkte; (c) \u00fcber die Dienstleistungen und\/oder Produkte, die m\u00f6glicherweise von den beworbenen Unternehmen angeboten und\/oder unter Vertrag genommen werden.<\/p>\n\n\n\n<p>4.5. CLUBE DE VAGAS ist nicht verantwortlich f\u00fcr Viren, Malware, Spyware, Trojaner oder Software, die durch das Surfen oder die Nutzung im Internet oder durch die \u00dcbertragung von Daten, Texten und Bildern Sch\u00e4den an den Ger\u00e4ten der Benutzer verursachen oder deren Konfigurationen \u00e4ndern k\u00f6nnen , Dateien oder Audios.<\/p>\n\n\n\n<p>4.6. Es liegt in der alleinigen Verantwortung des Benutzers, das Betriebssystem seiner Ger\u00e4te auf dem neuesten Stand zu halten und \u00fcber Antivirenprogramme zu verf\u00fcgen.<\/p>\n\n\n\n<p>4.7. CLUBE DE VAGAS haftet nicht f\u00fcr Verluste oder Sch\u00e4den, die aus der unregelm\u00e4\u00dfigen Nutzung der CLUBE DE VAGAS-Website und\/oder unvorhersehbaren Umst\u00e4nden und\/oder h\u00f6herer Gewalt resultieren.<\/p>\n\n\n\n<p>4.8. Unbeschadet der \u00fcbrigen Bestimmungen dieser Nutzungsbedingungen sind die Pflichten des Nutzers:<\/p>\n\n\n\n<ol class=\"wp-block-list\">\n<li>Verletzen Sie bei der Nutzung der Website von CLUBE DE VAGAS keine Rechte Dritter;<\/li>\n\n\n\n<li>Nutzen Sie die Website von CLUBE DE VAGAS nicht zum Zwecke der \u00dcberwachung oder Bel\u00e4stigung Dritter;<\/li>\n\n\n\n<li>Begehen Sie bei der Nutzung der CLUBE DE VAGAS-Website keine betr\u00fcgerischen, illegalen, unehrlichen oder unangemessenen Aktivit\u00e4ten. Und<\/li>\n\n\n\n<li>Beachten Sie die in diesen Allgemeinen Nutzungsbedingungen und in der Datenschutzrichtlinie festgelegten Bedingungen sowie die aktuelle brasilianische Gesetzgebung;<\/li>\n<\/ol>\n\n\n\n<h3 class=\"wp-block-heading\"><strong>5. LAUFZEIT UND FRIST<\/strong><\/h3>\n\n\n\n<p>5.1. Diese Allgemeinen Nutzungsbedingungen gelten auf unbestimmte Zeit und alle gerichtlichen oder beh\u00f6rdlichen Anspr\u00fcche, die sich aus der Nutzung der CLUBE DE VAGAS-Website ergeben, die diesen Allgemeinen Nutzungsbedingungen oder der Datenschutzrichtlinie unterliegt, m\u00fcssen innerhalb von 90 (neunzig) Jahren geltend gemacht werden. Tage ab dem Datum der Tatsache, die sie verursacht hat.<\/p>\n\n\n\n<h3 class=\"wp-block-heading\"><strong>6. \u00c4NDERUNG DER ALLGEMEINEN GESCH\u00c4FTSBEDINGUNGEN<\/strong><\/h3>\n\n\n\n<p>6.1. Die Allgemeinen Nutzungsbedingungen von CLUBE DE VAGAS k\u00f6nnen jederzeit und aus beliebigem Grund nach alleinigem Ermessen von CLUBE DE VAGAS und ohne vorherige Ank\u00fcndigung oder Benachrichtigung der Benutzer ge\u00e4ndert, erg\u00e4nzt oder ersetzt werden.<\/p>\n\n\n\n<p>6.2. JEDE PERSON, DIE DIESE GESCH\u00c4FTSBEDINGUNGEN, DIE verbindlich und VERBINDLICH SIND, NICHT AKZEPTIERT, MUSS VON DER NUTZUNG DES VACANCY CLUBS Abstand nehmen.<\/p>\n\n\n\n<h3 class=\"wp-block-heading\"><strong>7. GESETZGEBUNG UND WAHLFORUM<\/strong><\/h3>\n\n\n\n<p>7.1. Diese Allgemeinen Nutzungsbedingungen m\u00fcssen in Verbindung mit der Datenschutzrichtlinie gelesen und ausgelegt werden. Beide unterliegen den in der F\u00f6derativen Republik Brasilien geltenden Gesetzen, haupts\u00e4chlich der Bundesverfassung, dem Zivilgesetzbuch, dem Verbraucherschutzgesetz und dem Allgemeinen Gesetz von Marco Civil da Internet und das Allgemeine Datenschutzgesetz.<\/p>\n\n\n\n<p>7.2. Alle Angelegenheiten im Zusammenhang mit der Auslegung, Einhaltung oder anderen Fragen im Zusammenhang mit diesen Allgemeinen Nutzungsbedingungen und der Datenschutzrichtlinie vereinbaren die Parteien ausdr\u00fccklich und verzichten auf jeden anderen Fokus und unterwerfen sich der Gerichtsbarkeit des Bezirks Recife, Bundesstaat Pernambuco.<\/p>\n\n\n\n<p>Seite <a href=\"https:\/\/clube.playgroundgrid.com\/de\/contato\/\">Kontaktieren Sie uns<\/a><\/p>\n\n\n\n<p><\/p>","protected":false},"excerpt":{"rendered":"<p>O CLUBE DE VAGAS \u00e9 um site especializado em cria\u00e7\u00e3o de conte\u00fados de caracter\u00edsticas informativas e de an\u00e1lise de diversos produtos\/servi\u00e7os (aplicativos, sites, programas governamentais) fornecidos por diversas empresas (institui\u00e7\u00f5es governamentais e n\u00e3o governamentais, outras empresas), oferecendo conte\u00fado com intuito de informar para o usu\u00e1rio aquele produto que melhor se enquadre \u00e0s suas necessidades (&#8220;CLUBE [&hellip;]<\/p>","protected":false},"author":10,"featured_media":0,"parent":0,"menu_order":0,"comment_status":"closed","ping_status":"closed","template":"","meta":{"_acf_changed":false,"footnotes":""},"class_list":["post-1722","page","type-page","status-publish","hentry"],"acf":[],"yoast_head":"<!-- This site is optimized with the Yoast SEO plugin v23.7 - https:\/\/yoast.com\/wordpress\/plugins\/seo\/ -->\n<title>Termos de Uso - Clube de Vagas<\/title>\n<meta name=\"robots\" content=\"index, follow, max-snippet:-1, max-image-preview:large, max-video-preview:-1\" \/>\n<link rel=\"canonical\" href=\"https:\/\/clube.playgroundgrid.com\/de\/termos-de-uso\/\" \/>\n<meta property=\"og:locale\" content=\"de_DE\" \/>\n<meta property=\"og:type\" content=\"article\" \/>\n<meta property=\"og:title\" content=\"Termos de Uso - Clube de Vagas\" \/>\n<meta property=\"og:description\" content=\"O CLUBE DE VAGAS \u00e9 um site especializado em cria\u00e7\u00e3o de conte\u00fados de caracter\u00edsticas informativas e de an\u00e1lise de diversos produtos\/servi\u00e7os (aplicativos, sites, programas governamentais) fornecidos por diversas empresas (institui\u00e7\u00f5es governamentais e n\u00e3o governamentais, outras empresas), oferecendo conte\u00fado com intuito de informar para o usu\u00e1rio aquele produto que melhor se enquadre \u00e0s suas necessidades (&#8220;CLUBE [&hellip;]\" \/>\n<meta property=\"og:url\" content=\"https:\/\/clube.playgroundgrid.com\/de\/termos-de-uso\/\" \/>\n<meta property=\"og:site_name\" content=\"Clube de Vagas\" \/>\n<meta property=\"article:modified_time\" content=\"2024-02-25T13:09:10+00:00\" \/>\n<meta name=\"twitter:card\" content=\"summary_large_image\" \/>\n<script type=\"application\/ld+json\" class=\"yoast-schema-graph\">{\"@context\":\"https:\/\/schema.org\",\"@graph\":[{\"@type\":\"WebPage\",\"@id\":\"https:\/\/clube.playgroundgrid.com\/termos-de-uso\/\",\"url\":\"https:\/\/clube.playgroundgrid.com\/termos-de-uso\/\",\"name\":\"Termos de Uso - Clube de Vagas\",\"isPartOf\":{\"@id\":\"https:\/\/clube.playgroundgrid.com\/#website\"},\"datePublished\":\"2022-03-31T20:58:48+00:00\",\"dateModified\":\"2024-02-25T13:09:10+00:00\",\"breadcrumb\":{\"@id\":\"https:\/\/clube.playgroundgrid.com\/termos-de-uso\/#breadcrumb\"},\"inLanguage\":\"de\",\"potentialAction\":[{\"@type\":\"ReadAction\",\"target\":[\"https:\/\/clube.playgroundgrid.com\/termos-de-uso\/\"]}]},{\"@type\":\"BreadcrumbList\",\"@id\":\"https:\/\/clube.playgroundgrid.com\/termos-de-uso\/#breadcrumb\",\"itemListElement\":[{\"@type\":\"ListItem\",\"position\":1,\"name\":\"Home\",\"item\":\"https:\/\/clube.playgroundgrid.com\/\"},{\"@type\":\"ListItem\",\"position\":2,\"name\":\"Termos de Uso\"}]},{\"@type\":\"WebSite\",\"@id\":\"https:\/\/clube.playgroundgrid.com\/#website\",\"url\":\"https:\/\/clube.playgroundgrid.com\/\",\"name\":\"Clube de Vagas\",\"description\":\"O lugar certo para sua carreira\",\"publisher\":{\"@id\":\"https:\/\/clube.playgroundgrid.com\/#organization\"},\"potentialAction\":[{\"@type\":\"SearchAction\",\"target\":{\"@type\":\"EntryPoint\",\"urlTemplate\":\"https:\/\/clube.playgroundgrid.com\/?s={search_term_string}\"},\"query-input\":{\"@type\":\"PropertyValueSpecification\",\"valueRequired\":true,\"valueName\":\"search_term_string\"}}],\"inLanguage\":\"de\"},{\"@type\":\"Organization\",\"@id\":\"https:\/\/clube.playgroundgrid.com\/#organization\",\"name\":\"Clube de Vagas\",\"url\":\"https:\/\/clube.playgroundgrid.com\/\",\"logo\":{\"@type\":\"ImageObject\",\"inLanguage\":\"de\",\"@id\":\"https:\/\/clube.playgroundgrid.com\/#\/schema\/logo\/image\/\",\"url\":\"https:\/\/clube.playgroundgrid.com\/wp-content\/uploads\/2022\/03\/Design-sem-nome-39.png\",\"contentUrl\":\"https:\/\/clube.playgroundgrid.com\/wp-content\/uploads\/2022\/03\/Design-sem-nome-39.png\",\"width\":215,\"height\":60,\"caption\":\"Clube de Vagas\"},\"image\":{\"@id\":\"https:\/\/clube.playgroundgrid.com\/#\/schema\/logo\/image\/\"}}]}<\/script>\n<!-- \/ Yoast SEO plugin. -->","yoast_head_json":{"title":"Termos de Uso - Clube de Vagas","robots":{"index":"index","follow":"follow","max-snippet":"max-snippet:-1","max-image-preview":"max-image-preview:large","max-video-preview":"max-video-preview:-1"},"canonical":"https:\/\/clube.playgroundgrid.com\/de\/termos-de-uso\/","og_locale":"de_DE","og_type":"article","og_title":"Termos de Uso - Clube de Vagas","og_description":"O CLUBE DE VAGAS \u00e9 um site especializado em cria\u00e7\u00e3o de conte\u00fados de caracter\u00edsticas informativas e de an\u00e1lise de diversos produtos\/servi\u00e7os (aplicativos, sites, programas governamentais) fornecidos por diversas empresas (institui\u00e7\u00f5es governamentais e n\u00e3o governamentais, outras empresas), oferecendo conte\u00fado com intuito de informar para o usu\u00e1rio aquele produto que melhor se enquadre \u00e0s suas necessidades (&#8220;CLUBE [&hellip;]","og_url":"https:\/\/clube.playgroundgrid.com\/de\/termos-de-uso\/","og_site_name":"Clube de Vagas","article_modified_time":"2024-02-25T13:09:10+00:00","twitter_card":"summary_large_image","schema":{"@context":"https:\/\/schema.org","@graph":[{"@type":"WebPage","@id":"https:\/\/clube.playgroundgrid.com\/termos-de-uso\/","url":"https:\/\/clube.playgroundgrid.com\/termos-de-uso\/","name":"Termos de Uso - Clube de Vagas","isPartOf":{"@id":"https:\/\/clube.playgroundgrid.com\/#website"},"datePublished":"2022-03-31T20:58:48+00:00","dateModified":"2024-02-25T13:09:10+00:00","breadcrumb":{"@id":"https:\/\/clube.playgroundgrid.com\/termos-de-uso\/#breadcrumb"},"inLanguage":"de","potentialAction":[{"@type":"ReadAction","target":["https:\/\/clube.playgroundgrid.com\/termos-de-uso\/"]}]},{"@type":"BreadcrumbList","@id":"https:\/\/clube.playgroundgrid.com\/termos-de-uso\/#breadcrumb","itemListElement":[{"@type":"ListItem","position":1,"name":"Home","item":"https:\/\/clube.playgroundgrid.com\/"},{"@type":"ListItem","position":2,"name":"Termos de Uso"}]},{"@type":"WebSite","@id":"https:\/\/clube.playgroundgrid.com\/#website","url":"https:\/\/clube.playgroundgrid.com\/","name":"Clube de Vagas","description":"O lugar certo para sua carreira","publisher":{"@id":"https:\/\/clube.playgroundgrid.com\/#organization"},"potentialAction":[{"@type":"SearchAction","target":{"@type":"EntryPoint","urlTemplate":"https:\/\/clube.playgroundgrid.com\/?s={search_term_string}"},"query-input":{"@type":"PropertyValueSpecification","valueRequired":true,"valueName":"search_term_string"}}],"inLanguage":"de"},{"@type":"Organization","@id":"https:\/\/clube.playgroundgrid.com\/#organization","name":"Clube de Vagas","url":"https:\/\/clube.playgroundgrid.com\/","logo":{"@type":"ImageObject","inLanguage":"de","@id":"https:\/\/clube.playgroundgrid.com\/#\/schema\/logo\/image\/","url":"https:\/\/clube.playgroundgrid.com\/wp-content\/uploads\/2022\/03\/Design-sem-nome-39.png","contentUrl":"https:\/\/clube.playgroundgrid.com\/wp-content\/uploads\/2022\/03\/Design-sem-nome-39.png","width":215,"height":60,"caption":"Clube de Vagas"},"image":{"@id":"https:\/\/clube.playgroundgrid.com\/#\/schema\/logo\/image\/"}}]}},"_links":{"self":[{"href":"https:\/\/clube.playgroundgrid.com\/de\/wp-json\/wp\/v2\/pages\/1722","targetHints":{"allow":["GET"]}}],"collection":[{"href":"https:\/\/clube.playgroundgrid.com\/de\/wp-json\/wp\/v2\/pages"}],"about":[{"href":"https:\/\/clube.playgroundgrid.com\/de\/wp-json\/wp\/v2\/types\/page"}],"author":[{"embeddable":true,"href":"https:\/\/clube.playgroundgrid.com\/de\/wp-json\/wp\/v2\/users\/10"}],"replies":[{"embeddable":true,"href":"https:\/\/clube.playgroundgrid.com\/de\/wp-json\/wp\/v2\/comments?post=1722"}],"version-history":[{"count":0,"href":"https:\/\/clube.playgroundgrid.com\/de\/wp-json\/wp\/v2\/pages\/1722\/revisions"}],"wp:attachment":[{"href":"https:\/\/clube.playgroundgrid.com\/de\/wp-json\/wp\/v2\/media?parent=1722"}],"curies":[{"name":"wp","href":"https:\/\/api.w.org\/{rel}","templated":true}]}}